{"id":324,"date":"2023-01-16T07:19:20","date_gmt":"2023-01-16T06:19:20","guid":{"rendered":"https:\/\/vdinformatique.fr\/?page_id=324"},"modified":"2023-01-16T07:27:14","modified_gmt":"2023-01-16T06:27:14","slug":"optimisation","status":"publish","type":"page","link":"https:\/\/vdinformatique.fr\/index.php\/optimisation\/","title":{"rendered":"Optimisation"},"content":{"rendered":"\t\t<div data-elementor-type=\"wp-page\" data-elementor-id=\"324\" class=\"elementor elementor-324\">\n\t\t\t\t\t\t<section class=\"elementor-section elementor-top-section elementor-element elementor-element-3b7da56 elementor-section-boxed elementor-section-height-default elementor-section-height-default\" data-id=\"3b7da56\" data-element_type=\"section\" data-e-type=\"section\">\n\t\t\t\t\t\t<div class=\"elementor-container elementor-column-gap-default\">\n\t\t\t\t\t<div class=\"elementor-column elementor-col-100 elementor-top-column elementor-element elementor-element-e80863a\" data-id=\"e80863a\" data-element_type=\"column\" data-e-type=\"column\">\n\t\t\t<div class=\"elementor-widget-wrap elementor-element-populated\">\n\t\t\t\t\t\t<div class=\"elementor-element elementor-element-526ef4b elementor-widget elementor-widget-image\" data-id=\"526ef4b\" data-element_type=\"widget\" data-e-type=\"widget\" data-widget_type=\"image.default\">\n\t\t\t\t<div class=\"elementor-widget-container\">\n\t\t\t\t\t\t\t\t\t\t\t\t\t\t\t<img decoding=\"async\" width=\"150\" height=\"150\" src=\"https:\/\/vdinformatique.fr\/wp-content\/uploads\/2023\/01\/speedometer-150x150.png\" class=\"attachment-thumbnail size-thumbnail wp-image-206\" alt=\"\" srcset=\"https:\/\/vdinformatique.fr\/wp-content\/uploads\/2023\/01\/speedometer-150x150.png 150w, https:\/\/vdinformatique.fr\/wp-content\/uploads\/2023\/01\/speedometer-300x300.png 300w, https:\/\/vdinformatique.fr\/wp-content\/uploads\/2023\/01\/speedometer.png 512w\" sizes=\"(max-width: 150px) 100vw, 150px\" \/>\t\t\t\t\t\t\t\t\t\t\t\t\t\t\t<\/div>\n\t\t\t\t<\/div>\n\t\t\t\t\t<\/div>\n\t\t<\/div>\n\t\t\t\t\t<\/div>\n\t\t<\/section>\n\t\t\t\t<section class=\"elementor-section elementor-top-section elementor-element elementor-element-327420f elementor-section-boxed elementor-section-height-default elementor-section-height-default\" data-id=\"327420f\" data-element_type=\"section\" data-e-type=\"section\">\n\t\t\t\t\t\t<div class=\"elementor-container elementor-column-gap-default\">\n\t\t\t\t\t<div class=\"elementor-column elementor-col-100 elementor-top-column elementor-element elementor-element-3071901\" data-id=\"3071901\" data-element_type=\"column\" data-e-type=\"column\">\n\t\t\t<div class=\"elementor-widget-wrap elementor-element-populated\">\n\t\t\t\t\t\t<div class=\"elementor-element elementor-element-3253fa6 elementor-widget elementor-widget-heading\" data-id=\"3253fa6\" data-element_type=\"widget\" data-e-type=\"widget\" data-widget_type=\"heading.default\">\n\t\t\t\t<div class=\"elementor-widget-container\">\n\t\t\t\t\t<h2 class=\"elementor-heading-title elementor-size-default\">Optimisation de votre ordinateur <\/h2>\t\t\t\t<\/div>\n\t\t\t\t<\/div>\n\t\t\t\t\t<\/div>\n\t\t<\/div>\n\t\t\t\t\t<\/div>\n\t\t<\/section>\n\t\t\t\t<section class=\"elementor-section elementor-top-section elementor-element elementor-element-3e963ed elementor-section-content-middle elementor-section-boxed elementor-section-height-default elementor-section-height-default\" data-id=\"3e963ed\" data-element_type=\"section\" data-e-type=\"section\">\n\t\t\t\t\t\t<div class=\"elementor-container elementor-column-gap-default\">\n\t\t\t\t\t<div class=\"elementor-column elementor-col-100 elementor-top-column elementor-element elementor-element-a3e8f9f\" data-id=\"a3e8f9f\" data-element_type=\"column\" data-e-type=\"column\">\n\t\t\t<div class=\"elementor-widget-wrap elementor-element-populated\">\n\t\t\t\t\t\t<div class=\"elementor-element elementor-element-b13c7e5 elementor-widget elementor-widget-text-editor\" data-id=\"b13c7e5\" data-element_type=\"widget\" data-e-type=\"widget\" data-widget_type=\"text-editor.default\">\n\t\t\t\t<div class=\"elementor-widget-container\">\n\t\t\t\t\t\t\t\t\t<p>On ne s&#8217;imaginerait pas attendre 5 minutes avant de pouvoir d\u00e9marrer sa voiture, pourquoi accepter cela pour votre ordinateur ? <br \/>Votre machine doit \u00eatre pr\u00eate \u00e0 l&#8217;utilisation en moins de 20 secondes. VDInformatique vous conseillera sur l&#8217;optimisation de votre PC pour que son utilisation devienne un plaisir.&#8221;<\/p>\t\t\t\t\t\t\t\t<\/div>\n\t\t\t\t<\/div>\n\t\t\t\t<div class=\"elementor-element elementor-element-ac873b7 elementor-widget elementor-widget-spacer\" data-id=\"ac873b7\" data-element_type=\"widget\" data-e-type=\"widget\" data-widget_type=\"spacer.default\">\n\t\t\t\t<div class=\"elementor-widget-container\">\n\t\t\t\t\t\t\t<div class=\"elementor-spacer\">\n\t\t\t<div class=\"elementor-spacer-inner\"><\/div>\n\t\t<\/div>\n\t\t\t\t\t\t<\/div>\n\t\t\t\t<\/div>\n\t\t\t\t\t<\/div>\n\t\t<\/div>\n\t\t\t\t\t<\/div>\n\t\t<\/section>\n\t\t\t\t<section class=\"elementor-section elementor-top-section elementor-element elementor-element-150baf2 elementor-section-boxed elementor-section-height-default elementor-section-height-default\" data-id=\"150baf2\" data-element_type=\"section\" data-e-type=\"section\">\n\t\t\t\t\t\t<div class=\"elementor-container elementor-column-gap-default\">\n\t\t\t\t\t<div class=\"elementor-column elementor-col-100 elementor-top-column elementor-element elementor-element-8201257\" data-id=\"8201257\" data-element_type=\"column\" data-e-type=\"column\">\n\t\t\t<div class=\"elementor-widget-wrap elementor-element-populated\">\n\t\t\t\t\t\t<div class=\"elementor-element elementor-element-467499a elementor-align-center elementor-widget elementor-widget-button\" data-id=\"467499a\" data-element_type=\"widget\" data-e-type=\"widget\" data-widget_type=\"button.default\">\n\t\t\t\t<div class=\"elementor-widget-container\">\n\t\t\t\t\t\t\t\t\t<div class=\"elementor-button-wrapper\">\n\t\t\t\t\t<a class=\"elementor-button elementor-button-link elementor-size-sm elementor-animation-grow\" href=\"https:\/\/vdinformatique.fr\/index.php\/contacter-vdinformatique\/\">\n\t\t\t\t\t\t<span class=\"elementor-button-content-wrapper\">\n\t\t\t\t\t\t<span class=\"elementor-button-icon\">\n\t\t\t\t<i aria-hidden=\"true\" class=\"fas fa-phone-alt\"><\/i>\t\t\t<\/span>\n\t\t\t\t\t\t\t\t\t<span class=\"elementor-button-text\">Contacter nous<\/span>\n\t\t\t\t\t<\/span>\n\t\t\t\t\t<\/a>\n\t\t\t\t<\/div>\n\t\t\t\t\t\t\t\t<\/div>\n\t\t\t\t<\/div>\n\t\t\t\t\t<\/div>\n\t\t<\/div>\n\t\t\t\t\t<\/div>\n\t\t<\/section>\n\t\t\t\t<section class=\"elementor-section elementor-top-section elementor-element elementor-element-fbeb554 elementor-section-boxed elementor-section-height-default elementor-section-height-default\" data-id=\"fbeb554\" data-element_type=\"section\" data-e-type=\"section\">\n\t\t\t\t\t\t<div class=\"elementor-container elementor-column-gap-default\">\n\t\t\t\t\t<div class=\"elementor-column elementor-col-100 elementor-top-column elementor-element elementor-element-eea1d7d\" data-id=\"eea1d7d\" data-element_type=\"column\" data-e-type=\"column\">\n\t\t\t<div class=\"elementor-widget-wrap elementor-element-populated\">\n\t\t\t\t\t\t<div class=\"elementor-element elementor-element-6f88aef elementor-align-center elementor-widget elementor-widget-button\" data-id=\"6f88aef\" data-element_type=\"widget\" data-e-type=\"widget\" data-widget_type=\"button.default\">\n\t\t\t\t<div class=\"elementor-widget-container\">\n\t\t\t\t\t\t\t\t\t<div class=\"elementor-button-wrapper\">\n\t\t\t\t\t<a class=\"elementor-button elementor-button-link elementor-size-sm elementor-animation-shrink\" href=\"https:\/\/vdinformatique.fr\/index.php\/menu-services\/\">\n\t\t\t\t\t\t<span class=\"elementor-button-content-wrapper\">\n\t\t\t\t\t\t<span class=\"elementor-button-icon\">\n\t\t\t\t<i aria-hidden=\"true\" class=\"fas fa-arrow-circle-left\"><\/i>\t\t\t<\/span>\n\t\t\t\t\t\t\t\t\t<span class=\"elementor-button-text\">Besoin d'un autre service ? <\/span>\n\t\t\t\t\t<\/span>\n\t\t\t\t\t<\/a>\n\t\t\t\t<\/div>\n\t\t\t\t\t\t\t\t<\/div>\n\t\t\t\t<\/div>\n\t\t\t\t\t<\/div>\n\t\t<\/div>\n\t\t\t\t\t<\/div>\n\t\t<\/section>\n\t\t\t\t<\/div>\n\t\t","protected":false},"excerpt":{"rendered":"<p>Optimisation de votre ordinateur On ne s&#8217;imaginerait pas attendre 5 minutes avant de pouvoir d\u00e9marrer sa voiture, pourquoi accepter cela pour votre ordinateur ? Votre machine doit \u00eatre pr\u00eate \u00e0 l&#8217;utilisation en moins de 20 secondes. VDInformatique vous conseillera sur l&#8217;optimisation de votre PC pour que son utilisation devienne un plaisir.&#8221; Contacter nous Besoin d&#8217;un [&hellip;]<\/p>\n","protected":false},"author":1,"featured_media":0,"parent":0,"menu_order":0,"comment_status":"closed","ping_status":"closed","template":"","meta":{"footnotes":""},"class_list":["post-324","page","type-page","status-publish","hentry"],"yoast_head":"<!-- This site is optimized with the Yoast SEO plugin v27.2 - https:\/\/yoast.com\/product\/yoast-seo-wordpress\/ -->\n<title>Optimisation - VDInformatique<\/title>\n<meta name=\"description\" content=\"PC lent ? VDInformatique vous propose d&#039;optimiser votre ordinateur en mettant \u00e0 jour les composants lents, r\u00e9installation de Windows upgrade.\" \/>\n<meta name=\"robots\" content=\"index, follow, max-snippet:-1, max-image-preview:large, max-video-preview:-1\" \/>\n<link rel=\"canonical\" href=\"https:\/\/vdinformatique.fr\/index.php\/optimisation\/\" \/>\n<meta property=\"og:locale\" content=\"en_US\" \/>\n<meta property=\"og:type\" content=\"article\" \/>\n<meta property=\"og:title\" content=\"Optimisation - VDInformatique\" \/>\n<meta property=\"og:description\" content=\"PC lent ? VDInformatique vous propose d&#039;optimiser votre ordinateur en mettant \u00e0 jour les composants lents, r\u00e9installation de Windows upgrade.\" \/>\n<meta property=\"og:url\" content=\"https:\/\/vdinformatique.fr\/index.php\/optimisation\/\" \/>\n<meta property=\"og:site_name\" content=\"VDInformatique\" \/>\n<meta property=\"article:modified_time\" content=\"2023-01-16T06:27:14+00:00\" \/>\n<meta property=\"og:image\" content=\"http:\/\/vdinformatique.fr\/wp-content\/uploads\/2023\/01\/speedometer-150x150.png\" \/>\n<meta name=\"twitter:card\" content=\"summary_large_image\" \/>\n<meta name=\"twitter:label1\" content=\"Est. reading time\" \/>\n\t<meta name=\"twitter:data1\" content=\"1 minute\" \/>\n<script type=\"application\/ld+json\" class=\"yoast-schema-graph\">{\"@context\":\"https:\/\/schema.org\",\"@graph\":[{\"@type\":\"WebPage\",\"@id\":\"https:\/\/vdinformatique.fr\/index.php\/optimisation\/\",\"url\":\"https:\/\/vdinformatique.fr\/index.php\/optimisation\/\",\"name\":\"Optimisation - VDInformatique\",\"isPartOf\":{\"@id\":\"https:\/\/vdinformatique.fr\/#website\"},\"primaryImageOfPage\":{\"@id\":\"https:\/\/vdinformatique.fr\/index.php\/optimisation\/#primaryimage\"},\"image\":{\"@id\":\"https:\/\/vdinformatique.fr\/index.php\/optimisation\/#primaryimage\"},\"thumbnailUrl\":\"http:\/\/vdinformatique.fr\/wp-content\/uploads\/2023\/01\/speedometer-150x150.png\",\"datePublished\":\"2023-01-16T06:19:20+00:00\",\"dateModified\":\"2023-01-16T06:27:14+00:00\",\"description\":\"PC lent ? VDInformatique vous propose d'optimiser votre ordinateur en mettant \u00e0 jour les composants lents, r\u00e9installation de Windows upgrade.\",\"breadcrumb\":{\"@id\":\"https:\/\/vdinformatique.fr\/index.php\/optimisation\/#breadcrumb\"},\"inLanguage\":\"en-US\",\"potentialAction\":[{\"@type\":\"ReadAction\",\"target\":[\"https:\/\/vdinformatique.fr\/index.php\/optimisation\/\"]}]},{\"@type\":\"ImageObject\",\"inLanguage\":\"en-US\",\"@id\":\"https:\/\/vdinformatique.fr\/index.php\/optimisation\/#primaryimage\",\"url\":\"https:\/\/vdinformatique.fr\/wp-content\/uploads\/2023\/01\/speedometer.png\",\"contentUrl\":\"https:\/\/vdinformatique.fr\/wp-content\/uploads\/2023\/01\/speedometer.png\",\"width\":512,\"height\":512},{\"@type\":\"BreadcrumbList\",\"@id\":\"https:\/\/vdinformatique.fr\/index.php\/optimisation\/#breadcrumb\",\"itemListElement\":[{\"@type\":\"ListItem\",\"position\":1,\"name\":\"Accueil\",\"item\":\"http:\/\/vdinformatique.fr\/\"},{\"@type\":\"ListItem\",\"position\":2,\"name\":\"Optimisation\"}]},{\"@type\":\"WebSite\",\"@id\":\"https:\/\/vdinformatique.fr\/#website\",\"url\":\"https:\/\/vdinformatique.fr\/\",\"name\":\"VDInformatique\",\"description\":\"\",\"publisher\":{\"@id\":\"https:\/\/vdinformatique.fr\/#organization\"},\"potentialAction\":[{\"@type\":\"SearchAction\",\"target\":{\"@type\":\"EntryPoint\",\"urlTemplate\":\"https:\/\/vdinformatique.fr\/?s={search_term_string}\"},\"query-input\":{\"@type\":\"PropertyValueSpecification\",\"valueRequired\":true,\"valueName\":\"search_term_string\"}}],\"inLanguage\":\"en-US\"},{\"@type\":\"Organization\",\"@id\":\"https:\/\/vdinformatique.fr\/#organization\",\"name\":\"VDInformatique\",\"url\":\"https:\/\/vdinformatique.fr\/\",\"logo\":{\"@type\":\"ImageObject\",\"inLanguage\":\"en-US\",\"@id\":\"https:\/\/vdinformatique.fr\/#\/schema\/logo\/image\/\",\"url\":\"https:\/\/vdinformatique.fr\/wp-content\/uploads\/2023\/01\/cropped-VDI-HD.jpg\",\"contentUrl\":\"https:\/\/vdinformatique.fr\/wp-content\/uploads\/2023\/01\/cropped-VDI-HD.jpg\",\"width\":782,\"height\":500,\"caption\":\"VDInformatique\"},\"image\":{\"@id\":\"https:\/\/vdinformatique.fr\/#\/schema\/logo\/image\/\"}}]}<\/script>\n<!-- \/ Yoast SEO plugin. -->","yoast_head_json":{"title":"Optimisation - VDInformatique","description":"PC lent ? VDInformatique vous propose d'optimiser votre ordinateur en mettant \u00e0 jour les composants lents, r\u00e9installation de Windows upgrade.","robots":{"index":"index","follow":"follow","max-snippet":"max-snippet:-1","max-image-preview":"max-image-preview:large","max-video-preview":"max-video-preview:-1"},"canonical":"https:\/\/vdinformatique.fr\/index.php\/optimisation\/","og_locale":"en_US","og_type":"article","og_title":"Optimisation - VDInformatique","og_description":"PC lent ? VDInformatique vous propose d'optimiser votre ordinateur en mettant \u00e0 jour les composants lents, r\u00e9installation de Windows upgrade.","og_url":"https:\/\/vdinformatique.fr\/index.php\/optimisation\/","og_site_name":"VDInformatique","article_modified_time":"2023-01-16T06:27:14+00:00","og_image":[{"url":"http:\/\/vdinformatique.fr\/wp-content\/uploads\/2023\/01\/speedometer-150x150.png","type":"","width":"","height":""}],"twitter_card":"summary_large_image","twitter_misc":{"Est. reading time":"1 minute"},"schema":{"@context":"https:\/\/schema.org","@graph":[{"@type":"WebPage","@id":"https:\/\/vdinformatique.fr\/index.php\/optimisation\/","url":"https:\/\/vdinformatique.fr\/index.php\/optimisation\/","name":"Optimisation - VDInformatique","isPartOf":{"@id":"https:\/\/vdinformatique.fr\/#website"},"primaryImageOfPage":{"@id":"https:\/\/vdinformatique.fr\/index.php\/optimisation\/#primaryimage"},"image":{"@id":"https:\/\/vdinformatique.fr\/index.php\/optimisation\/#primaryimage"},"thumbnailUrl":"http:\/\/vdinformatique.fr\/wp-content\/uploads\/2023\/01\/speedometer-150x150.png","datePublished":"2023-01-16T06:19:20+00:00","dateModified":"2023-01-16T06:27:14+00:00","description":"PC lent ? VDInformatique vous propose d'optimiser votre ordinateur en mettant \u00e0 jour les composants lents, r\u00e9installation de Windows upgrade.","breadcrumb":{"@id":"https:\/\/vdinformatique.fr\/index.php\/optimisation\/#breadcrumb"},"inLanguage":"en-US","potentialAction":[{"@type":"ReadAction","target":["https:\/\/vdinformatique.fr\/index.php\/optimisation\/"]}]},{"@type":"ImageObject","inLanguage":"en-US","@id":"https:\/\/vdinformatique.fr\/index.php\/optimisation\/#primaryimage","url":"https:\/\/vdinformatique.fr\/wp-content\/uploads\/2023\/01\/speedometer.png","contentUrl":"https:\/\/vdinformatique.fr\/wp-content\/uploads\/2023\/01\/speedometer.png","width":512,"height":512},{"@type":"BreadcrumbList","@id":"https:\/\/vdinformatique.fr\/index.php\/optimisation\/#breadcrumb","itemListElement":[{"@type":"ListItem","position":1,"name":"Accueil","item":"http:\/\/vdinformatique.fr\/"},{"@type":"ListItem","position":2,"name":"Optimisation"}]},{"@type":"WebSite","@id":"https:\/\/vdinformatique.fr\/#website","url":"https:\/\/vdinformatique.fr\/","name":"VDInformatique","description":"","publisher":{"@id":"https:\/\/vdinformatique.fr\/#organization"},"potentialAction":[{"@type":"SearchAction","target":{"@type":"EntryPoint","urlTemplate":"https:\/\/vdinformatique.fr\/?s={search_term_string}"},"query-input":{"@type":"PropertyValueSpecification","valueRequired":true,"valueName":"search_term_string"}}],"inLanguage":"en-US"},{"@type":"Organization","@id":"https:\/\/vdinformatique.fr\/#organization","name":"VDInformatique","url":"https:\/\/vdinformatique.fr\/","logo":{"@type":"ImageObject","inLanguage":"en-US","@id":"https:\/\/vdinformatique.fr\/#\/schema\/logo\/image\/","url":"https:\/\/vdinformatique.fr\/wp-content\/uploads\/2023\/01\/cropped-VDI-HD.jpg","contentUrl":"https:\/\/vdinformatique.fr\/wp-content\/uploads\/2023\/01\/cropped-VDI-HD.jpg","width":782,"height":500,"caption":"VDInformatique"},"image":{"@id":"https:\/\/vdinformatique.fr\/#\/schema\/logo\/image\/"}}]}},"_links":{"self":[{"href":"https:\/\/vdinformatique.fr\/index.php\/wp-json\/wp\/v2\/pages\/324","targetHints":{"allow":["GET"]}}],"collection":[{"href":"https:\/\/vdinformatique.fr\/index.php\/wp-json\/wp\/v2\/pages"}],"about":[{"href":"https:\/\/vdinformatique.fr\/index.php\/wp-json\/wp\/v2\/types\/page"}],"author":[{"embeddable":true,"href":"https:\/\/vdinformatique.fr\/index.php\/wp-json\/wp\/v2\/users\/1"}],"replies":[{"embeddable":true,"href":"https:\/\/vdinformatique.fr\/index.php\/wp-json\/wp\/v2\/comments?post=324"}],"version-history":[{"count":4,"href":"https:\/\/vdinformatique.fr\/index.php\/wp-json\/wp\/v2\/pages\/324\/revisions"}],"predecessor-version":[{"id":329,"href":"https:\/\/vdinformatique.fr\/index.php\/wp-json\/wp\/v2\/pages\/324\/revisions\/329"}],"wp:attachment":[{"href":"https:\/\/vdinformatique.fr\/index.php\/wp-json\/wp\/v2\/media?parent=324"}],"curies":[{"name":"wp","href":"https:\/\/api.w.org\/{rel}","templated":true}]}}