{"id":315,"date":"2023-01-16T07:11:43","date_gmt":"2023-01-16T06:11:43","guid":{"rendered":"https:\/\/vdinformatique.fr\/?page_id=315"},"modified":"2023-01-16T07:14:50","modified_gmt":"2023-01-16T06:14:50","slug":"initiation","status":"publish","type":"page","link":"https:\/\/vdinformatique.fr\/index.php\/initiation\/","title":{"rendered":"Initiation"},"content":{"rendered":"\t\t<div data-elementor-type=\"wp-page\" data-elementor-id=\"315\" class=\"elementor elementor-315\">\n\t\t\t\t\t\t<section class=\"elementor-section elementor-top-section elementor-element elementor-element-9debbbd elementor-section-boxed elementor-section-height-default elementor-section-height-default\" data-id=\"9debbbd\" data-element_type=\"section\" data-e-type=\"section\">\n\t\t\t\t\t\t<div class=\"elementor-container elementor-column-gap-default\">\n\t\t\t\t\t<div class=\"elementor-column elementor-col-100 elementor-top-column elementor-element elementor-element-396113b\" data-id=\"396113b\" data-element_type=\"column\" data-e-type=\"column\">\n\t\t\t<div class=\"elementor-widget-wrap elementor-element-populated\">\n\t\t\t\t\t\t<div class=\"elementor-element elementor-element-0df30e1 elementor-widget elementor-widget-image\" data-id=\"0df30e1\" data-element_type=\"widget\" data-e-type=\"widget\" data-widget_type=\"image.default\">\n\t\t\t\t<div class=\"elementor-widget-container\">\n\t\t\t\t\t\t\t\t\t\t\t\t\t\t\t<img decoding=\"async\" width=\"150\" height=\"150\" src=\"https:\/\/vdinformatique.fr\/wp-content\/uploads\/2023\/01\/elearning-150x150.png\" class=\"attachment-thumbnail size-thumbnail wp-image-205\" alt=\"initiation\" srcset=\"https:\/\/vdinformatique.fr\/wp-content\/uploads\/2023\/01\/elearning-150x150.png 150w, https:\/\/vdinformatique.fr\/wp-content\/uploads\/2023\/01\/elearning-300x300.png 300w, https:\/\/vdinformatique.fr\/wp-content\/uploads\/2023\/01\/elearning.png 512w\" sizes=\"(max-width: 150px) 100vw, 150px\" \/>\t\t\t\t\t\t\t\t\t\t\t\t\t\t\t<\/div>\n\t\t\t\t<\/div>\n\t\t\t\t\t<\/div>\n\t\t<\/div>\n\t\t\t\t\t<\/div>\n\t\t<\/section>\n\t\t\t\t<section class=\"elementor-section elementor-top-section elementor-element elementor-element-04b5b35 elementor-section-boxed elementor-section-height-default elementor-section-height-default\" data-id=\"04b5b35\" data-element_type=\"section\" data-e-type=\"section\">\n\t\t\t\t\t\t<div class=\"elementor-container elementor-column-gap-default\">\n\t\t\t\t\t<div class=\"elementor-column elementor-col-100 elementor-top-column elementor-element elementor-element-9f39430\" data-id=\"9f39430\" data-element_type=\"column\" data-e-type=\"column\">\n\t\t\t<div class=\"elementor-widget-wrap elementor-element-populated\">\n\t\t\t\t\t\t<div class=\"elementor-element elementor-element-eb1228e elementor-widget elementor-widget-heading\" data-id=\"eb1228e\" data-element_type=\"widget\" data-e-type=\"widget\" data-widget_type=\"heading.default\">\n\t\t\t\t<div class=\"elementor-widget-container\">\n\t\t\t\t\t<h2 class=\"elementor-heading-title elementor-size-default\">Initiation personnalis\u00e9e <\/h2>\t\t\t\t<\/div>\n\t\t\t\t<\/div>\n\t\t\t\t\t<\/div>\n\t\t<\/div>\n\t\t\t\t\t<\/div>\n\t\t<\/section>\n\t\t\t\t<section class=\"elementor-section elementor-top-section elementor-element elementor-element-6cbeb0a elementor-section-boxed elementor-section-height-default elementor-section-height-default\" data-id=\"6cbeb0a\" data-element_type=\"section\" data-e-type=\"section\">\n\t\t\t\t\t\t<div class=\"elementor-container elementor-column-gap-default\">\n\t\t\t\t\t<div class=\"elementor-column elementor-col-100 elementor-top-column elementor-element elementor-element-b9a5c00\" data-id=\"b9a5c00\" data-element_type=\"column\" data-e-type=\"column\">\n\t\t\t<div class=\"elementor-widget-wrap elementor-element-populated\">\n\t\t\t\t\t\t<div class=\"elementor-element elementor-element-8a4708b elementor-widget elementor-widget-text-editor\" data-id=\"8a4708b\" data-element_type=\"widget\" data-e-type=\"widget\" data-widget_type=\"text-editor.default\">\n\t\t\t\t<div class=\"elementor-widget-container\">\n\t\t\t\t\t\t\t\t\t<p>Voulez-vous \u00eatre plus performant sur votre ordinateur? VDInformatique vous propose des initiations adapt\u00e9es \u00e0 votre niveau.\u00a0<\/p>\t\t\t\t\t\t\t\t<\/div>\n\t\t\t\t<\/div>\n\t\t\t\t<div class=\"elementor-element elementor-element-6dfa4eb elementor-widget elementor-widget-spacer\" data-id=\"6dfa4eb\" data-element_type=\"widget\" data-e-type=\"widget\" data-widget_type=\"spacer.default\">\n\t\t\t\t<div class=\"elementor-widget-container\">\n\t\t\t\t\t\t\t<div class=\"elementor-spacer\">\n\t\t\t<div class=\"elementor-spacer-inner\"><\/div>\n\t\t<\/div>\n\t\t\t\t\t\t<\/div>\n\t\t\t\t<\/div>\n\t\t\t\t\t<\/div>\n\t\t<\/div>\n\t\t\t\t\t<\/div>\n\t\t<\/section>\n\t\t\t\t<section class=\"elementor-section elementor-top-section elementor-element elementor-element-c6246e3 elementor-section-boxed elementor-section-height-default elementor-section-height-default\" data-id=\"c6246e3\" data-element_type=\"section\" data-e-type=\"section\">\n\t\t\t\t\t\t<div class=\"elementor-container elementor-column-gap-default\">\n\t\t\t\t\t<div class=\"elementor-column elementor-col-100 elementor-top-column elementor-element elementor-element-b28aa98\" data-id=\"b28aa98\" data-element_type=\"column\" data-e-type=\"column\">\n\t\t\t<div class=\"elementor-widget-wrap elementor-element-populated\">\n\t\t\t\t\t\t<div class=\"elementor-element elementor-element-cdca2b7 elementor-align-center elementor-widget elementor-widget-button\" data-id=\"cdca2b7\" data-element_type=\"widget\" data-e-type=\"widget\" data-widget_type=\"button.default\">\n\t\t\t\t<div class=\"elementor-widget-container\">\n\t\t\t\t\t\t\t\t\t<div class=\"elementor-button-wrapper\">\n\t\t\t\t\t<a class=\"elementor-button elementor-button-link elementor-size-sm elementor-animation-grow\" href=\"https:\/\/vdinformatique.fr\/index.php\/contacter-vdinformatique\/\">\n\t\t\t\t\t\t<span class=\"elementor-button-content-wrapper\">\n\t\t\t\t\t\t<span class=\"elementor-button-icon\">\n\t\t\t\t<i aria-hidden=\"true\" class=\"fas fa-phone-alt\"><\/i>\t\t\t<\/span>\n\t\t\t\t\t\t\t\t\t<span class=\"elementor-button-text\">Contacter nous<\/span>\n\t\t\t\t\t<\/span>\n\t\t\t\t\t<\/a>\n\t\t\t\t<\/div>\n\t\t\t\t\t\t\t\t<\/div>\n\t\t\t\t<\/div>\n\t\t\t\t\t<\/div>\n\t\t<\/div>\n\t\t\t\t\t<\/div>\n\t\t<\/section>\n\t\t\t\t<section class=\"elementor-section elementor-top-section elementor-element elementor-element-181507e elementor-section-boxed elementor-section-height-default elementor-section-height-default\" data-id=\"181507e\" data-element_type=\"section\" data-e-type=\"section\">\n\t\t\t\t\t\t<div class=\"elementor-container elementor-column-gap-default\">\n\t\t\t\t\t<div class=\"elementor-column elementor-col-100 elementor-top-column elementor-element elementor-element-24b2ebb\" data-id=\"24b2ebb\" data-element_type=\"column\" data-e-type=\"column\">\n\t\t\t<div class=\"elementor-widget-wrap elementor-element-populated\">\n\t\t\t\t\t\t<div class=\"elementor-element elementor-element-92672b5 elementor-align-center elementor-widget elementor-widget-button\" data-id=\"92672b5\" data-element_type=\"widget\" data-e-type=\"widget\" data-widget_type=\"button.default\">\n\t\t\t\t<div class=\"elementor-widget-container\">\n\t\t\t\t\t\t\t\t\t<div class=\"elementor-button-wrapper\">\n\t\t\t\t\t<a class=\"elementor-button elementor-button-link elementor-size-sm elementor-animation-shrink\" href=\"https:\/\/vdinformatique.fr\/index.php\/menu-services\/\">\n\t\t\t\t\t\t<span class=\"elementor-button-content-wrapper\">\n\t\t\t\t\t\t<span class=\"elementor-button-icon\">\n\t\t\t\t<i aria-hidden=\"true\" class=\"fas fa-arrow-circle-left\"><\/i>\t\t\t<\/span>\n\t\t\t\t\t\t\t\t\t<span class=\"elementor-button-text\">Besoin d'un autre service ? <\/span>\n\t\t\t\t\t<\/span>\n\t\t\t\t\t<\/a>\n\t\t\t\t<\/div>\n\t\t\t\t\t\t\t\t<\/div>\n\t\t\t\t<\/div>\n\t\t\t\t\t<\/div>\n\t\t<\/div>\n\t\t\t\t\t<\/div>\n\t\t<\/section>\n\t\t\t\t<\/div>\n\t\t","protected":false},"excerpt":{"rendered":"<p>Initiation personnalis\u00e9e Voulez-vous \u00eatre plus performant sur votre ordinateur? VDInformatique vous propose des initiations adapt\u00e9es \u00e0 votre niveau.\u00a0 Contacter nous Besoin d&#8217;un autre service ?<\/p>\n","protected":false},"author":1,"featured_media":0,"parent":0,"menu_order":0,"comment_status":"closed","ping_status":"closed","template":"","meta":{"footnotes":""},"class_list":["post-315","page","type-page","status-publish","hentry"],"yoast_head":"<!-- This site is optimized with the Yoast SEO plugin v27.2 - https:\/\/yoast.com\/product\/yoast-seo-wordpress\/ -->\n<title>Initiation - VDInformatique<\/title>\n<meta name=\"description\" content=\"Vous souhaitez \u00eatre plus performant sur votre ordinateur? VDInformatique vous propose des initiations adapt\u00e9es \u00e0 votre niveau\" \/>\n<meta name=\"robots\" content=\"index, follow, max-snippet:-1, max-image-preview:large, max-video-preview:-1\" \/>\n<link rel=\"canonical\" href=\"https:\/\/vdinformatique.fr\/index.php\/initiation\/\" \/>\n<meta property=\"og:locale\" content=\"en_US\" \/>\n<meta property=\"og:type\" content=\"article\" \/>\n<meta property=\"og:title\" content=\"Initiation - VDInformatique\" \/>\n<meta property=\"og:description\" content=\"Vous souhaitez \u00eatre plus performant sur votre ordinateur? VDInformatique vous propose des initiations adapt\u00e9es \u00e0 votre niveau\" \/>\n<meta property=\"og:url\" content=\"https:\/\/vdinformatique.fr\/index.php\/initiation\/\" \/>\n<meta property=\"og:site_name\" content=\"VDInformatique\" \/>\n<meta property=\"article:modified_time\" content=\"2023-01-16T06:14:50+00:00\" \/>\n<meta property=\"og:image\" content=\"http:\/\/vdinformatique.fr\/wp-content\/uploads\/2023\/01\/elearning-150x150.png\" \/>\n<meta name=\"twitter:card\" content=\"summary_large_image\" \/>\n<meta name=\"twitter:label1\" content=\"Est. reading time\" \/>\n\t<meta name=\"twitter:data1\" content=\"1 minute\" \/>\n<script type=\"application\/ld+json\" class=\"yoast-schema-graph\">{\"@context\":\"https:\/\/schema.org\",\"@graph\":[{\"@type\":\"WebPage\",\"@id\":\"https:\/\/vdinformatique.fr\/index.php\/initiation\/\",\"url\":\"https:\/\/vdinformatique.fr\/index.php\/initiation\/\",\"name\":\"Initiation - VDInformatique\",\"isPartOf\":{\"@id\":\"https:\/\/vdinformatique.fr\/#website\"},\"primaryImageOfPage\":{\"@id\":\"https:\/\/vdinformatique.fr\/index.php\/initiation\/#primaryimage\"},\"image\":{\"@id\":\"https:\/\/vdinformatique.fr\/index.php\/initiation\/#primaryimage\"},\"thumbnailUrl\":\"http:\/\/vdinformatique.fr\/wp-content\/uploads\/2023\/01\/elearning-150x150.png\",\"datePublished\":\"2023-01-16T06:11:43+00:00\",\"dateModified\":\"2023-01-16T06:14:50+00:00\",\"description\":\"Vous souhaitez \u00eatre plus performant sur votre ordinateur? VDInformatique vous propose des initiations adapt\u00e9es \u00e0 votre niveau\",\"breadcrumb\":{\"@id\":\"https:\/\/vdinformatique.fr\/index.php\/initiation\/#breadcrumb\"},\"inLanguage\":\"en-US\",\"potentialAction\":[{\"@type\":\"ReadAction\",\"target\":[\"https:\/\/vdinformatique.fr\/index.php\/initiation\/\"]}]},{\"@type\":\"ImageObject\",\"inLanguage\":\"en-US\",\"@id\":\"https:\/\/vdinformatique.fr\/index.php\/initiation\/#primaryimage\",\"url\":\"http:\/\/vdinformatique.fr\/wp-content\/uploads\/2023\/01\/elearning-150x150.png\",\"contentUrl\":\"http:\/\/vdinformatique.fr\/wp-content\/uploads\/2023\/01\/elearning-150x150.png\"},{\"@type\":\"BreadcrumbList\",\"@id\":\"https:\/\/vdinformatique.fr\/index.php\/initiation\/#breadcrumb\",\"itemListElement\":[{\"@type\":\"ListItem\",\"position\":1,\"name\":\"Accueil\",\"item\":\"http:\/\/vdinformatique.fr\/\"},{\"@type\":\"ListItem\",\"position\":2,\"name\":\"Initiation\"}]},{\"@type\":\"WebSite\",\"@id\":\"https:\/\/vdinformatique.fr\/#website\",\"url\":\"https:\/\/vdinformatique.fr\/\",\"name\":\"VDInformatique\",\"description\":\"\",\"publisher\":{\"@id\":\"https:\/\/vdinformatique.fr\/#organization\"},\"potentialAction\":[{\"@type\":\"SearchAction\",\"target\":{\"@type\":\"EntryPoint\",\"urlTemplate\":\"https:\/\/vdinformatique.fr\/?s={search_term_string}\"},\"query-input\":{\"@type\":\"PropertyValueSpecification\",\"valueRequired\":true,\"valueName\":\"search_term_string\"}}],\"inLanguage\":\"en-US\"},{\"@type\":\"Organization\",\"@id\":\"https:\/\/vdinformatique.fr\/#organization\",\"name\":\"VDInformatique\",\"url\":\"https:\/\/vdinformatique.fr\/\",\"logo\":{\"@type\":\"ImageObject\",\"inLanguage\":\"en-US\",\"@id\":\"https:\/\/vdinformatique.fr\/#\/schema\/logo\/image\/\",\"url\":\"https:\/\/vdinformatique.fr\/wp-content\/uploads\/2023\/01\/cropped-VDI-HD.jpg\",\"contentUrl\":\"https:\/\/vdinformatique.fr\/wp-content\/uploads\/2023\/01\/cropped-VDI-HD.jpg\",\"width\":782,\"height\":500,\"caption\":\"VDInformatique\"},\"image\":{\"@id\":\"https:\/\/vdinformatique.fr\/#\/schema\/logo\/image\/\"}}]}<\/script>\n<!-- \/ Yoast SEO plugin. -->","yoast_head_json":{"title":"Initiation - VDInformatique","description":"Vous souhaitez \u00eatre plus performant sur votre ordinateur? VDInformatique vous propose des initiations adapt\u00e9es \u00e0 votre niveau","robots":{"index":"index","follow":"follow","max-snippet":"max-snippet:-1","max-image-preview":"max-image-preview:large","max-video-preview":"max-video-preview:-1"},"canonical":"https:\/\/vdinformatique.fr\/index.php\/initiation\/","og_locale":"en_US","og_type":"article","og_title":"Initiation - VDInformatique","og_description":"Vous souhaitez \u00eatre plus performant sur votre ordinateur? VDInformatique vous propose des initiations adapt\u00e9es \u00e0 votre niveau","og_url":"https:\/\/vdinformatique.fr\/index.php\/initiation\/","og_site_name":"VDInformatique","article_modified_time":"2023-01-16T06:14:50+00:00","og_image":[{"url":"http:\/\/vdinformatique.fr\/wp-content\/uploads\/2023\/01\/elearning-150x150.png","type":"","width":"","height":""}],"twitter_card":"summary_large_image","twitter_misc":{"Est. reading time":"1 minute"},"schema":{"@context":"https:\/\/schema.org","@graph":[{"@type":"WebPage","@id":"https:\/\/vdinformatique.fr\/index.php\/initiation\/","url":"https:\/\/vdinformatique.fr\/index.php\/initiation\/","name":"Initiation - VDInformatique","isPartOf":{"@id":"https:\/\/vdinformatique.fr\/#website"},"primaryImageOfPage":{"@id":"https:\/\/vdinformatique.fr\/index.php\/initiation\/#primaryimage"},"image":{"@id":"https:\/\/vdinformatique.fr\/index.php\/initiation\/#primaryimage"},"thumbnailUrl":"http:\/\/vdinformatique.fr\/wp-content\/uploads\/2023\/01\/elearning-150x150.png","datePublished":"2023-01-16T06:11:43+00:00","dateModified":"2023-01-16T06:14:50+00:00","description":"Vous souhaitez \u00eatre plus performant sur votre ordinateur? VDInformatique vous propose des initiations adapt\u00e9es \u00e0 votre niveau","breadcrumb":{"@id":"https:\/\/vdinformatique.fr\/index.php\/initiation\/#breadcrumb"},"inLanguage":"en-US","potentialAction":[{"@type":"ReadAction","target":["https:\/\/vdinformatique.fr\/index.php\/initiation\/"]}]},{"@type":"ImageObject","inLanguage":"en-US","@id":"https:\/\/vdinformatique.fr\/index.php\/initiation\/#primaryimage","url":"http:\/\/vdinformatique.fr\/wp-content\/uploads\/2023\/01\/elearning-150x150.png","contentUrl":"http:\/\/vdinformatique.fr\/wp-content\/uploads\/2023\/01\/elearning-150x150.png"},{"@type":"BreadcrumbList","@id":"https:\/\/vdinformatique.fr\/index.php\/initiation\/#breadcrumb","itemListElement":[{"@type":"ListItem","position":1,"name":"Accueil","item":"http:\/\/vdinformatique.fr\/"},{"@type":"ListItem","position":2,"name":"Initiation"}]},{"@type":"WebSite","@id":"https:\/\/vdinformatique.fr\/#website","url":"https:\/\/vdinformatique.fr\/","name":"VDInformatique","description":"","publisher":{"@id":"https:\/\/vdinformatique.fr\/#organization"},"potentialAction":[{"@type":"SearchAction","target":{"@type":"EntryPoint","urlTemplate":"https:\/\/vdinformatique.fr\/?s={search_term_string}"},"query-input":{"@type":"PropertyValueSpecification","valueRequired":true,"valueName":"search_term_string"}}],"inLanguage":"en-US"},{"@type":"Organization","@id":"https:\/\/vdinformatique.fr\/#organization","name":"VDInformatique","url":"https:\/\/vdinformatique.fr\/","logo":{"@type":"ImageObject","inLanguage":"en-US","@id":"https:\/\/vdinformatique.fr\/#\/schema\/logo\/image\/","url":"https:\/\/vdinformatique.fr\/wp-content\/uploads\/2023\/01\/cropped-VDI-HD.jpg","contentUrl":"https:\/\/vdinformatique.fr\/wp-content\/uploads\/2023\/01\/cropped-VDI-HD.jpg","width":782,"height":500,"caption":"VDInformatique"},"image":{"@id":"https:\/\/vdinformatique.fr\/#\/schema\/logo\/image\/"}}]}},"_links":{"self":[{"href":"https:\/\/vdinformatique.fr\/index.php\/wp-json\/wp\/v2\/pages\/315","targetHints":{"allow":["GET"]}}],"collection":[{"href":"https:\/\/vdinformatique.fr\/index.php\/wp-json\/wp\/v2\/pages"}],"about":[{"href":"https:\/\/vdinformatique.fr\/index.php\/wp-json\/wp\/v2\/types\/page"}],"author":[{"embeddable":true,"href":"https:\/\/vdinformatique.fr\/index.php\/wp-json\/wp\/v2\/users\/1"}],"replies":[{"embeddable":true,"href":"https:\/\/vdinformatique.fr\/index.php\/wp-json\/wp\/v2\/comments?post=315"}],"version-history":[{"count":4,"href":"https:\/\/vdinformatique.fr\/index.php\/wp-json\/wp\/v2\/pages\/315\/revisions"}],"predecessor-version":[{"id":320,"href":"https:\/\/vdinformatique.fr\/index.php\/wp-json\/wp\/v2\/pages\/315\/revisions\/320"}],"wp:attachment":[{"href":"https:\/\/vdinformatique.fr\/index.php\/wp-json\/wp\/v2\/media?parent=315"}],"curies":[{"name":"wp","href":"https:\/\/api.w.org\/{rel}","templated":true}]}}