{"id":271,"date":"2023-01-13T07:04:45","date_gmt":"2023-01-13T06:04:45","guid":{"rendered":"https:\/\/vdinformatique.fr\/?page_id=271"},"modified":"2023-01-20T10:06:38","modified_gmt":"2023-01-20T09:06:38","slug":"reseau","status":"publish","type":"page","link":"https:\/\/vdinformatique.fr\/index.php\/reseau\/","title":{"rendered":"R\u00e9seau"},"content":{"rendered":"\t\t<div data-elementor-type=\"wp-page\" data-elementor-id=\"271\" class=\"elementor elementor-271\">\n\t\t\t\t\t\t<section class=\"elementor-section elementor-top-section elementor-element elementor-element-336ebd2 elementor-section-boxed elementor-section-height-default elementor-section-height-default\" data-id=\"336ebd2\" data-element_type=\"section\" data-e-type=\"section\">\n\t\t\t\t\t\t<div class=\"elementor-container elementor-column-gap-default\">\n\t\t\t\t\t<div class=\"elementor-column elementor-col-100 elementor-top-column elementor-element elementor-element-eb08a1d\" data-id=\"eb08a1d\" data-element_type=\"column\" data-e-type=\"column\">\n\t\t\t<div class=\"elementor-widget-wrap elementor-element-populated\">\n\t\t\t\t\t\t<div class=\"elementor-element elementor-element-4c074fc elementor-widget elementor-widget-image\" data-id=\"4c074fc\" data-element_type=\"widget\" data-e-type=\"widget\" data-widget_type=\"image.default\">\n\t\t\t\t<div class=\"elementor-widget-container\">\n\t\t\t\t\t\t\t\t\t\t\t\t\t\t\t<img decoding=\"async\" width=\"150\" height=\"150\" src=\"https:\/\/vdinformatique.fr\/wp-content\/uploads\/2023\/01\/peripherique-routeur-150x150.png\" class=\"attachment-thumbnail size-thumbnail wp-image-196\" alt=\"r\u00e9seau informatique\" srcset=\"https:\/\/vdinformatique.fr\/wp-content\/uploads\/2023\/01\/peripherique-routeur-150x150.png 150w, https:\/\/vdinformatique.fr\/wp-content\/uploads\/2023\/01\/peripherique-routeur-300x300.png 300w, https:\/\/vdinformatique.fr\/wp-content\/uploads\/2023\/01\/peripherique-routeur.png 512w\" sizes=\"(max-width: 150px) 100vw, 150px\" \/>\t\t\t\t\t\t\t\t\t\t\t\t\t\t\t<\/div>\n\t\t\t\t<\/div>\n\t\t\t\t\t<\/div>\n\t\t<\/div>\n\t\t\t\t\t<\/div>\n\t\t<\/section>\n\t\t\t\t<section class=\"elementor-section elementor-top-section elementor-element elementor-element-eac4c50 elementor-section-boxed elementor-section-height-default elementor-section-height-default\" data-id=\"eac4c50\" data-element_type=\"section\" data-e-type=\"section\">\n\t\t\t\t\t\t<div class=\"elementor-container elementor-column-gap-default\">\n\t\t\t\t\t<div class=\"elementor-column elementor-col-100 elementor-top-column elementor-element elementor-element-91e4049\" data-id=\"91e4049\" data-element_type=\"column\" data-e-type=\"column\">\n\t\t\t<div class=\"elementor-widget-wrap elementor-element-populated\">\n\t\t\t\t\t\t<div class=\"elementor-element elementor-element-3e53908 elementor-widget elementor-widget-heading\" data-id=\"3e53908\" data-element_type=\"widget\" data-e-type=\"widget\" data-widget_type=\"heading.default\">\n\t\t\t\t<div class=\"elementor-widget-container\">\n\t\t\t\t\t<h2 class=\"elementor-heading-title elementor-size-default\">Configurer, r\u00e9parer et utiliser votre r\u00e9seau local<\/h2>\t\t\t\t<\/div>\n\t\t\t\t<\/div>\n\t\t\t\t\t<\/div>\n\t\t<\/div>\n\t\t\t\t\t<\/div>\n\t\t<\/section>\n\t\t\t\t<section class=\"elementor-section elementor-top-section elementor-element elementor-element-7fd1306 elementor-section-boxed elementor-section-height-default elementor-section-height-default\" data-id=\"7fd1306\" data-element_type=\"section\" data-e-type=\"section\">\n\t\t\t\t\t\t<div class=\"elementor-container elementor-column-gap-default\">\n\t\t\t\t\t<div class=\"elementor-column elementor-col-100 elementor-top-column elementor-element elementor-element-eaef25c\" data-id=\"eaef25c\" data-element_type=\"column\" data-e-type=\"column\">\n\t\t\t<div class=\"elementor-widget-wrap elementor-element-populated\">\n\t\t\t\t\t\t<div class=\"elementor-element elementor-element-15fd2d0 elementor-widget elementor-widget-text-editor\" data-id=\"15fd2d0\" data-element_type=\"widget\" data-e-type=\"widget\" data-widget_type=\"text-editor.default\">\n\t\t\t\t<div class=\"elementor-widget-container\">\n\t\t\t\t\t\t\t\t\t<p>Sans r\u00e9seau votre ordinateur n&#8217;est plus qu&#8217;un objet d\u00e9coratif. Internet, mail, vid\u00e9o et p\u00e9riph\u00e9riques utilises votre r\u00e9seau local, wifi ou c\u00e2ble, pour acc\u00e9der a votre connexion internet.\u00a0 <strong>VDInformatique<\/strong> vous propose de vous accompagner dans le choix de votre mat\u00e9riel, de le configurer, de l&#8217;entretenir et de le r\u00e9parer<\/p>\t\t\t\t\t\t\t\t<\/div>\n\t\t\t\t<\/div>\n\t\t\t\t<div class=\"elementor-element elementor-element-8d198ce elementor-widget elementor-widget-spacer\" data-id=\"8d198ce\" data-element_type=\"widget\" data-e-type=\"widget\" data-widget_type=\"spacer.default\">\n\t\t\t\t<div class=\"elementor-widget-container\">\n\t\t\t\t\t\t\t<div class=\"elementor-spacer\">\n\t\t\t<div class=\"elementor-spacer-inner\"><\/div>\n\t\t<\/div>\n\t\t\t\t\t\t<\/div>\n\t\t\t\t<\/div>\n\t\t\t\t\t<\/div>\n\t\t<\/div>\n\t\t\t\t\t<\/div>\n\t\t<\/section>\n\t\t\t\t<section class=\"elementor-section elementor-top-section elementor-element elementor-element-2651345 elementor-section-boxed elementor-section-height-default elementor-section-height-default\" data-id=\"2651345\" data-element_type=\"section\" data-e-type=\"section\">\n\t\t\t\t\t\t<div class=\"elementor-container elementor-column-gap-default\">\n\t\t\t\t\t<div class=\"elementor-column elementor-col-100 elementor-top-column elementor-element elementor-element-670f7e8\" data-id=\"670f7e8\" data-element_type=\"column\" data-e-type=\"column\">\n\t\t\t<div class=\"elementor-widget-wrap elementor-element-populated\">\n\t\t\t\t\t\t<div class=\"elementor-element elementor-element-1e704eb elementor-align-center elementor-widget elementor-widget-button\" data-id=\"1e704eb\" data-element_type=\"widget\" data-e-type=\"widget\" data-widget_type=\"button.default\">\n\t\t\t\t<div class=\"elementor-widget-container\">\n\t\t\t\t\t\t\t\t\t<div class=\"elementor-button-wrapper\">\n\t\t\t\t\t<a class=\"elementor-button elementor-button-link elementor-size-sm elementor-animation-grow\" href=\"https:\/\/vdinformatique.fr\/index.php\/contacter-vdinformatique\/\">\n\t\t\t\t\t\t<span class=\"elementor-button-content-wrapper\">\n\t\t\t\t\t\t<span class=\"elementor-button-icon\">\n\t\t\t\t<i aria-hidden=\"true\" class=\"fas fa-phone-alt\"><\/i>\t\t\t<\/span>\n\t\t\t\t\t\t\t\t\t<span class=\"elementor-button-text\">Contacter nous<\/span>\n\t\t\t\t\t<\/span>\n\t\t\t\t\t<\/a>\n\t\t\t\t<\/div>\n\t\t\t\t\t\t\t\t<\/div>\n\t\t\t\t<\/div>\n\t\t\t\t\t<\/div>\n\t\t<\/div>\n\t\t\t\t\t<\/div>\n\t\t<\/section>\n\t\t\t\t<section class=\"elementor-section elementor-top-section elementor-element elementor-element-38512ae elementor-section-boxed elementor-section-height-default elementor-section-height-default\" data-id=\"38512ae\" data-element_type=\"section\" data-e-type=\"section\">\n\t\t\t\t\t\t<div class=\"elementor-container elementor-column-gap-default\">\n\t\t\t\t\t<div class=\"elementor-column elementor-col-100 elementor-top-column elementor-element elementor-element-14e560f\" data-id=\"14e560f\" data-element_type=\"column\" data-e-type=\"column\">\n\t\t\t<div class=\"elementor-widget-wrap elementor-element-populated\">\n\t\t\t\t\t\t<div class=\"elementor-element elementor-element-a83e3f3 elementor-align-center elementor-widget elementor-widget-button\" data-id=\"a83e3f3\" data-element_type=\"widget\" data-e-type=\"widget\" data-widget_type=\"button.default\">\n\t\t\t\t<div class=\"elementor-widget-container\">\n\t\t\t\t\t\t\t\t\t<div class=\"elementor-button-wrapper\">\n\t\t\t\t\t<a class=\"elementor-button elementor-button-link elementor-size-sm elementor-animation-shrink\" href=\"https:\/\/vdinformatique.fr\/index.php\/menu-services\/\">\n\t\t\t\t\t\t<span class=\"elementor-button-content-wrapper\">\n\t\t\t\t\t\t<span class=\"elementor-button-icon\">\n\t\t\t\t<i aria-hidden=\"true\" class=\"fas fa-arrow-circle-left\"><\/i>\t\t\t<\/span>\n\t\t\t\t\t\t\t\t\t<span class=\"elementor-button-text\">Besoin d'un autre service ? <\/span>\n\t\t\t\t\t<\/span>\n\t\t\t\t\t<\/a>\n\t\t\t\t<\/div>\n\t\t\t\t\t\t\t\t<\/div>\n\t\t\t\t<\/div>\n\t\t\t\t\t<\/div>\n\t\t<\/div>\n\t\t\t\t\t<\/div>\n\t\t<\/section>\n\t\t\t\t<section class=\"elementor-section elementor-top-section elementor-element elementor-element-d62eefc elementor-section-boxed elementor-section-height-default elementor-section-height-default\" data-id=\"d62eefc\" data-element_type=\"section\" data-e-type=\"section\">\n\t\t\t\t\t\t<div class=\"elementor-container elementor-column-gap-default\">\n\t\t\t\t\t<div class=\"elementor-column elementor-col-100 elementor-top-column elementor-element elementor-element-a205436\" data-id=\"a205436\" data-element_type=\"column\" data-e-type=\"column\">\n\t\t\t<div class=\"elementor-widget-wrap elementor-element-populated\">\n\t\t\t\t\t\t<div class=\"elementor-element elementor-element-99e6815 elementor-widget elementor-widget-spacer\" data-id=\"99e6815\" data-element_type=\"widget\" data-e-type=\"widget\" data-widget_type=\"spacer.default\">\n\t\t\t\t<div class=\"elementor-widget-container\">\n\t\t\t\t\t\t\t<div class=\"elementor-spacer\">\n\t\t\t<div class=\"elementor-spacer-inner\"><\/div>\n\t\t<\/div>\n\t\t\t\t\t\t<\/div>\n\t\t\t\t<\/div>\n\t\t\t\t\t<\/div>\n\t\t<\/div>\n\t\t\t\t\t<\/div>\n\t\t<\/section>\n\t\t\t\t<section class=\"elementor-section elementor-top-section elementor-element elementor-element-d7fb12e elementor-section-boxed elementor-section-height-default elementor-section-height-default\" data-id=\"d7fb12e\" data-element_type=\"section\" data-e-type=\"section\">\n\t\t\t\t\t\t<div class=\"elementor-container elementor-column-gap-default\">\n\t\t\t\t\t<div class=\"elementor-column elementor-col-100 elementor-top-column elementor-element elementor-element-8dab6b1\" data-id=\"8dab6b1\" data-element_type=\"column\" data-e-type=\"column\">\n\t\t\t<div class=\"elementor-widget-wrap elementor-element-populated\">\n\t\t\t\t\t\t<div class=\"elementor-element elementor-element-9c1ceb8 elementor-widget elementor-widget-heading\" data-id=\"9c1ceb8\" data-element_type=\"widget\" data-e-type=\"widget\" data-widget_type=\"heading.default\">\n\t\t\t\t<div class=\"elementor-widget-container\">\n\t\t\t\t\t<h2 class=\"elementor-heading-title elementor-size-default\">Exemple d'intervention VDInformatique <\/h2>\t\t\t\t<\/div>\n\t\t\t\t<\/div>\n\t\t\t\t\t<\/div>\n\t\t<\/div>\n\t\t\t\t\t<\/div>\n\t\t<\/section>\n\t\t\t\t<section class=\"elementor-section elementor-top-section elementor-element elementor-element-5ca1345 elementor-section-boxed elementor-section-height-default elementor-section-height-default\" data-id=\"5ca1345\" data-element_type=\"section\" data-e-type=\"section\">\n\t\t\t\t\t\t<div class=\"elementor-container elementor-column-gap-default\">\n\t\t\t\t\t<div class=\"elementor-column elementor-col-50 elementor-top-column elementor-element elementor-element-f91ca0d\" data-id=\"f91ca0d\" data-element_type=\"column\" data-e-type=\"column\">\n\t\t\t<div class=\"elementor-widget-wrap elementor-element-populated\">\n\t\t\t\t\t\t<div class=\"elementor-element elementor-element-f1983ad elementor-widget elementor-widget-image\" data-id=\"f1983ad\" data-element_type=\"widget\" data-e-type=\"widget\" data-widget_type=\"image.default\">\n\t\t\t\t<div class=\"elementor-widget-container\">\n\t\t\t\t\t\t\t\t\t\t\t\t<figure class=\"wp-caption\">\n\t\t\t\t\t\t\t\t\t\t<img fetchpriority=\"high\" decoding=\"async\" width=\"225\" height=\"300\" src=\"https:\/\/vdinformatique.fr\/wp-content\/uploads\/2023\/01\/IMG_20220216_094926-225x300.jpg\" class=\"attachment-medium size-medium wp-image-350\" alt=\"Baie r\u00e9seau avant\" srcset=\"https:\/\/vdinformatique.fr\/wp-content\/uploads\/2023\/01\/IMG_20220216_094926-225x300.jpg 225w, https:\/\/vdinformatique.fr\/wp-content\/uploads\/2023\/01\/IMG_20220216_094926-768x1024.jpg 768w, https:\/\/vdinformatique.fr\/wp-content\/uploads\/2023\/01\/IMG_20220216_094926-1152x1536.jpg 1152w, https:\/\/vdinformatique.fr\/wp-content\/uploads\/2023\/01\/IMG_20220216_094926-1536x2048.jpg 1536w, https:\/\/vdinformatique.fr\/wp-content\/uploads\/2023\/01\/IMG_20220216_094926-scaled.jpg 1920w\" sizes=\"(max-width: 225px) 100vw, 225px\" \/>\t\t\t\t\t\t\t\t\t\t\t<figcaption class=\"widget-image-caption wp-caption-text\">Baie r\u00e9seau avant<\/figcaption>\n\t\t\t\t\t\t\t\t\t\t<\/figure>\n\t\t\t\t\t\t\t\t\t<\/div>\n\t\t\t\t<\/div>\n\t\t\t\t\t<\/div>\n\t\t<\/div>\n\t\t\t\t<div class=\"elementor-column elementor-col-50 elementor-top-column elementor-element elementor-element-ebdf00f\" data-id=\"ebdf00f\" data-element_type=\"column\" data-e-type=\"column\">\n\t\t\t<div class=\"elementor-widget-wrap elementor-element-populated\">\n\t\t\t\t\t\t<div class=\"elementor-element elementor-element-da084a1 elementor-widget elementor-widget-image\" data-id=\"da084a1\" data-element_type=\"widget\" data-e-type=\"widget\" data-widget_type=\"image.default\">\n\t\t\t\t<div class=\"elementor-widget-container\">\n\t\t\t\t\t\t\t\t\t\t\t\t<figure class=\"wp-caption\">\n\t\t\t\t\t\t\t\t\t\t<img decoding=\"async\" width=\"225\" height=\"300\" src=\"https:\/\/vdinformatique.fr\/wp-content\/uploads\/2023\/01\/IMG_20220216_131617-225x300.jpg\" class=\"attachment-medium size-medium wp-image-351\" alt=\"Baie r\u00e9seau apr\u00e8s\" srcset=\"https:\/\/vdinformatique.fr\/wp-content\/uploads\/2023\/01\/IMG_20220216_131617-225x300.jpg 225w, https:\/\/vdinformatique.fr\/wp-content\/uploads\/2023\/01\/IMG_20220216_131617-768x1024.jpg 768w, https:\/\/vdinformatique.fr\/wp-content\/uploads\/2023\/01\/IMG_20220216_131617-1152x1536.jpg 1152w, https:\/\/vdinformatique.fr\/wp-content\/uploads\/2023\/01\/IMG_20220216_131617-1536x2048.jpg 1536w, https:\/\/vdinformatique.fr\/wp-content\/uploads\/2023\/01\/IMG_20220216_131617-scaled.jpg 1920w\" sizes=\"(max-width: 225px) 100vw, 225px\" \/>\t\t\t\t\t\t\t\t\t\t\t<figcaption class=\"widget-image-caption wp-caption-text\">Baie r\u00e9seau apr\u00e8s<\/figcaption>\n\t\t\t\t\t\t\t\t\t\t<\/figure>\n\t\t\t\t\t\t\t\t\t<\/div>\n\t\t\t\t<\/div>\n\t\t\t\t\t<\/div>\n\t\t<\/div>\n\t\t\t\t\t<\/div>\n\t\t<\/section>\n\t\t\t\t<section class=\"elementor-section elementor-top-section elementor-element elementor-element-c479327 elementor-section-boxed elementor-section-height-default elementor-section-height-default\" data-id=\"c479327\" data-element_type=\"section\" data-e-type=\"section\">\n\t\t\t\t\t\t<div class=\"elementor-container elementor-column-gap-default\">\n\t\t\t\t\t<div class=\"elementor-column elementor-col-100 elementor-top-column elementor-element elementor-element-f606b3b\" data-id=\"f606b3b\" data-element_type=\"column\" data-e-type=\"column\">\n\t\t\t<div class=\"elementor-widget-wrap elementor-element-populated\">\n\t\t\t\t\t\t<div class=\"elementor-element elementor-element-b35b769 elementor-widget elementor-widget-heading\" data-id=\"b35b769\" data-element_type=\"widget\" data-e-type=\"widget\" data-widget_type=\"heading.default\">\n\t\t\t\t<div class=\"elementor-widget-container\">\n\t\t\t\t\t<h2 class=\"elementor-heading-title elementor-size-default\">R\u00e9organisation d'une baie r\u00e9seau et mise \u00e0 niveau du switch <\/h2>\t\t\t\t<\/div>\n\t\t\t\t<\/div>\n\t\t\t\t\t<\/div>\n\t\t<\/div>\n\t\t\t\t\t<\/div>\n\t\t<\/section>\n\t\t\t\t<\/div>\n\t\t","protected":false},"excerpt":{"rendered":"<p>Configurer, r\u00e9parer et utiliser votre r\u00e9seau local Sans r\u00e9seau votre ordinateur n&#8217;est plus qu&#8217;un objet d\u00e9coratif. Internet, mail, vid\u00e9o et p\u00e9riph\u00e9riques utilises votre r\u00e9seau local, wifi ou c\u00e2ble, pour acc\u00e9der a votre connexion internet.\u00a0 VDInformatique vous propose de vous accompagner dans le choix de votre mat\u00e9riel, de le configurer, de l&#8217;entretenir et de le r\u00e9parer [&hellip;]<\/p>\n","protected":false},"author":1,"featured_media":0,"parent":0,"menu_order":0,"comment_status":"closed","ping_status":"closed","template":"","meta":{"footnotes":""},"class_list":["post-271","page","type-page","status-publish","hentry"],"yoast_head":"<!-- This site is optimized with the Yoast SEO plugin v27.2 - https:\/\/yoast.com\/product\/yoast-seo-wordpress\/ -->\n<title>R\u00e9seau - VDInformatique<\/title>\n<meta name=\"description\" content=\"cr\u00e9er, et optimiser votre r\u00e9seau informatique. Box internet, routeur, switch, c\u00e2ble RJ45 ou wifi, baie r\u00e9seau. VPN.\" \/>\n<meta name=\"robots\" content=\"index, follow, max-snippet:-1, max-image-preview:large, max-video-preview:-1\" \/>\n<link rel=\"canonical\" href=\"https:\/\/vdinformatique.fr\/index.php\/reseau\/\" \/>\n<meta property=\"og:locale\" content=\"en_US\" \/>\n<meta property=\"og:type\" content=\"article\" \/>\n<meta property=\"og:title\" content=\"R\u00e9seau - VDInformatique\" \/>\n<meta property=\"og:description\" content=\"cr\u00e9er, et optimiser votre r\u00e9seau informatique. Box internet, routeur, switch, c\u00e2ble RJ45 ou wifi, baie r\u00e9seau. VPN.\" \/>\n<meta property=\"og:url\" content=\"https:\/\/vdinformatique.fr\/index.php\/reseau\/\" \/>\n<meta property=\"og:site_name\" content=\"VDInformatique\" \/>\n<meta property=\"article:modified_time\" content=\"2023-01-20T09:06:38+00:00\" \/>\n<meta property=\"og:image\" content=\"http:\/\/vdinformatique.fr\/wp-content\/uploads\/2023\/01\/peripherique-routeur-150x150.png\" \/>\n<meta name=\"twitter:card\" content=\"summary_large_image\" \/>\n<meta name=\"twitter:label1\" content=\"Est. reading time\" \/>\n\t<meta name=\"twitter:data1\" content=\"2 minutes\" \/>\n<script type=\"application\/ld+json\" class=\"yoast-schema-graph\">{\"@context\":\"https:\/\/schema.org\",\"@graph\":[{\"@type\":\"WebPage\",\"@id\":\"https:\/\/vdinformatique.fr\/index.php\/reseau\/\",\"url\":\"https:\/\/vdinformatique.fr\/index.php\/reseau\/\",\"name\":\"R\u00e9seau - VDInformatique\",\"isPartOf\":{\"@id\":\"https:\/\/vdinformatique.fr\/#website\"},\"primaryImageOfPage\":{\"@id\":\"https:\/\/vdinformatique.fr\/index.php\/reseau\/#primaryimage\"},\"image\":{\"@id\":\"https:\/\/vdinformatique.fr\/index.php\/reseau\/#primaryimage\"},\"thumbnailUrl\":\"http:\/\/vdinformatique.fr\/wp-content\/uploads\/2023\/01\/peripherique-routeur-150x150.png\",\"datePublished\":\"2023-01-13T06:04:45+00:00\",\"dateModified\":\"2023-01-20T09:06:38+00:00\",\"description\":\"cr\u00e9er, et optimiser votre r\u00e9seau informatique. Box internet, routeur, switch, c\u00e2ble RJ45 ou wifi, baie r\u00e9seau. VPN.\",\"breadcrumb\":{\"@id\":\"https:\/\/vdinformatique.fr\/index.php\/reseau\/#breadcrumb\"},\"inLanguage\":\"en-US\",\"potentialAction\":[{\"@type\":\"ReadAction\",\"target\":[\"https:\/\/vdinformatique.fr\/index.php\/reseau\/\"]}]},{\"@type\":\"ImageObject\",\"inLanguage\":\"en-US\",\"@id\":\"https:\/\/vdinformatique.fr\/index.php\/reseau\/#primaryimage\",\"url\":\"http:\/\/vdinformatique.fr\/wp-content\/uploads\/2023\/01\/peripherique-routeur-150x150.png\",\"contentUrl\":\"http:\/\/vdinformatique.fr\/wp-content\/uploads\/2023\/01\/peripherique-routeur-150x150.png\"},{\"@type\":\"BreadcrumbList\",\"@id\":\"https:\/\/vdinformatique.fr\/index.php\/reseau\/#breadcrumb\",\"itemListElement\":[{\"@type\":\"ListItem\",\"position\":1,\"name\":\"Accueil\",\"item\":\"http:\/\/vdinformatique.fr\/\"},{\"@type\":\"ListItem\",\"position\":2,\"name\":\"R\u00e9seau\"}]},{\"@type\":\"WebSite\",\"@id\":\"https:\/\/vdinformatique.fr\/#website\",\"url\":\"https:\/\/vdinformatique.fr\/\",\"name\":\"VDInformatique\",\"description\":\"\",\"publisher\":{\"@id\":\"https:\/\/vdinformatique.fr\/#organization\"},\"potentialAction\":[{\"@type\":\"SearchAction\",\"target\":{\"@type\":\"EntryPoint\",\"urlTemplate\":\"https:\/\/vdinformatique.fr\/?s={search_term_string}\"},\"query-input\":{\"@type\":\"PropertyValueSpecification\",\"valueRequired\":true,\"valueName\":\"search_term_string\"}}],\"inLanguage\":\"en-US\"},{\"@type\":\"Organization\",\"@id\":\"https:\/\/vdinformatique.fr\/#organization\",\"name\":\"VDInformatique\",\"url\":\"https:\/\/vdinformatique.fr\/\",\"logo\":{\"@type\":\"ImageObject\",\"inLanguage\":\"en-US\",\"@id\":\"https:\/\/vdinformatique.fr\/#\/schema\/logo\/image\/\",\"url\":\"https:\/\/vdinformatique.fr\/wp-content\/uploads\/2023\/01\/cropped-VDI-HD.jpg\",\"contentUrl\":\"https:\/\/vdinformatique.fr\/wp-content\/uploads\/2023\/01\/cropped-VDI-HD.jpg\",\"width\":782,\"height\":500,\"caption\":\"VDInformatique\"},\"image\":{\"@id\":\"https:\/\/vdinformatique.fr\/#\/schema\/logo\/image\/\"}}]}<\/script>\n<!-- \/ Yoast SEO plugin. -->","yoast_head_json":{"title":"R\u00e9seau - VDInformatique","description":"cr\u00e9er, et optimiser votre r\u00e9seau informatique. Box internet, routeur, switch, c\u00e2ble RJ45 ou wifi, baie r\u00e9seau. VPN.","robots":{"index":"index","follow":"follow","max-snippet":"max-snippet:-1","max-image-preview":"max-image-preview:large","max-video-preview":"max-video-preview:-1"},"canonical":"https:\/\/vdinformatique.fr\/index.php\/reseau\/","og_locale":"en_US","og_type":"article","og_title":"R\u00e9seau - VDInformatique","og_description":"cr\u00e9er, et optimiser votre r\u00e9seau informatique. Box internet, routeur, switch, c\u00e2ble RJ45 ou wifi, baie r\u00e9seau. VPN.","og_url":"https:\/\/vdinformatique.fr\/index.php\/reseau\/","og_site_name":"VDInformatique","article_modified_time":"2023-01-20T09:06:38+00:00","og_image":[{"url":"http:\/\/vdinformatique.fr\/wp-content\/uploads\/2023\/01\/peripherique-routeur-150x150.png","type":"","width":"","height":""}],"twitter_card":"summary_large_image","twitter_misc":{"Est. reading time":"2 minutes"},"schema":{"@context":"https:\/\/schema.org","@graph":[{"@type":"WebPage","@id":"https:\/\/vdinformatique.fr\/index.php\/reseau\/","url":"https:\/\/vdinformatique.fr\/index.php\/reseau\/","name":"R\u00e9seau - VDInformatique","isPartOf":{"@id":"https:\/\/vdinformatique.fr\/#website"},"primaryImageOfPage":{"@id":"https:\/\/vdinformatique.fr\/index.php\/reseau\/#primaryimage"},"image":{"@id":"https:\/\/vdinformatique.fr\/index.php\/reseau\/#primaryimage"},"thumbnailUrl":"http:\/\/vdinformatique.fr\/wp-content\/uploads\/2023\/01\/peripherique-routeur-150x150.png","datePublished":"2023-01-13T06:04:45+00:00","dateModified":"2023-01-20T09:06:38+00:00","description":"cr\u00e9er, et optimiser votre r\u00e9seau informatique. Box internet, routeur, switch, c\u00e2ble RJ45 ou wifi, baie r\u00e9seau. VPN.","breadcrumb":{"@id":"https:\/\/vdinformatique.fr\/index.php\/reseau\/#breadcrumb"},"inLanguage":"en-US","potentialAction":[{"@type":"ReadAction","target":["https:\/\/vdinformatique.fr\/index.php\/reseau\/"]}]},{"@type":"ImageObject","inLanguage":"en-US","@id":"https:\/\/vdinformatique.fr\/index.php\/reseau\/#primaryimage","url":"http:\/\/vdinformatique.fr\/wp-content\/uploads\/2023\/01\/peripherique-routeur-150x150.png","contentUrl":"http:\/\/vdinformatique.fr\/wp-content\/uploads\/2023\/01\/peripherique-routeur-150x150.png"},{"@type":"BreadcrumbList","@id":"https:\/\/vdinformatique.fr\/index.php\/reseau\/#breadcrumb","itemListElement":[{"@type":"ListItem","position":1,"name":"Accueil","item":"http:\/\/vdinformatique.fr\/"},{"@type":"ListItem","position":2,"name":"R\u00e9seau"}]},{"@type":"WebSite","@id":"https:\/\/vdinformatique.fr\/#website","url":"https:\/\/vdinformatique.fr\/","name":"VDInformatique","description":"","publisher":{"@id":"https:\/\/vdinformatique.fr\/#organization"},"potentialAction":[{"@type":"SearchAction","target":{"@type":"EntryPoint","urlTemplate":"https:\/\/vdinformatique.fr\/?s={search_term_string}"},"query-input":{"@type":"PropertyValueSpecification","valueRequired":true,"valueName":"search_term_string"}}],"inLanguage":"en-US"},{"@type":"Organization","@id":"https:\/\/vdinformatique.fr\/#organization","name":"VDInformatique","url":"https:\/\/vdinformatique.fr\/","logo":{"@type":"ImageObject","inLanguage":"en-US","@id":"https:\/\/vdinformatique.fr\/#\/schema\/logo\/image\/","url":"https:\/\/vdinformatique.fr\/wp-content\/uploads\/2023\/01\/cropped-VDI-HD.jpg","contentUrl":"https:\/\/vdinformatique.fr\/wp-content\/uploads\/2023\/01\/cropped-VDI-HD.jpg","width":782,"height":500,"caption":"VDInformatique"},"image":{"@id":"https:\/\/vdinformatique.fr\/#\/schema\/logo\/image\/"}}]}},"_links":{"self":[{"href":"https:\/\/vdinformatique.fr\/index.php\/wp-json\/wp\/v2\/pages\/271","targetHints":{"allow":["GET"]}}],"collection":[{"href":"https:\/\/vdinformatique.fr\/index.php\/wp-json\/wp\/v2\/pages"}],"about":[{"href":"https:\/\/vdinformatique.fr\/index.php\/wp-json\/wp\/v2\/types\/page"}],"author":[{"embeddable":true,"href":"https:\/\/vdinformatique.fr\/index.php\/wp-json\/wp\/v2\/users\/1"}],"replies":[{"embeddable":true,"href":"https:\/\/vdinformatique.fr\/index.php\/wp-json\/wp\/v2\/comments?post=271"}],"version-history":[{"count":8,"href":"https:\/\/vdinformatique.fr\/index.php\/wp-json\/wp\/v2\/pages\/271\/revisions"}],"predecessor-version":[{"id":354,"href":"https:\/\/vdinformatique.fr\/index.php\/wp-json\/wp\/v2\/pages\/271\/revisions\/354"}],"wp:attachment":[{"href":"https:\/\/vdinformatique.fr\/index.php\/wp-json\/wp\/v2\/media?parent=271"}],"curies":[{"name":"wp","href":"https:\/\/api.w.org\/{rel}","templated":true}]}}