{"id":25,"date":"2023-01-11T10:24:29","date_gmt":"2023-01-11T09:24:29","guid":{"rendered":"https:\/\/vdinformatique.fr\/?page_id=25"},"modified":"2023-01-11T15:03:02","modified_gmt":"2023-01-11T14:03:02","slug":"mode-dintervention","status":"publish","type":"page","link":"https:\/\/vdinformatique.fr\/index.php\/mode-dintervention\/","title":{"rendered":"<strong>Mode d&#8217;intervention<\/strong>"},"content":{"rendered":"\t\t<div data-elementor-type=\"wp-page\" data-elementor-id=\"25\" class=\"elementor elementor-25\">\n\t\t\t\t\t\t<section class=\"elementor-section elementor-top-section elementor-element elementor-element-cc7080a elementor-section-boxed elementor-section-height-default elementor-section-height-default\" data-id=\"cc7080a\" data-element_type=\"section\" data-e-type=\"section\">\n\t\t\t\t\t\t<div class=\"elementor-container elementor-column-gap-narrow\">\n\t\t\t\t\t<div class=\"elementor-column elementor-col-100 elementor-top-column elementor-element elementor-element-11e4606\" data-id=\"11e4606\" data-element_type=\"column\" data-e-type=\"column\">\n\t\t\t<div class=\"elementor-widget-wrap elementor-element-populated\">\n\t\t\t\t\t\t<div class=\"elementor-element elementor-element-4a85de7 elementor-widget elementor-widget-image\" data-id=\"4a85de7\" data-element_type=\"widget\" data-e-type=\"widget\" data-widget_type=\"image.default\">\n\t\t\t\t<div class=\"elementor-widget-container\">\n\t\t\t\t\t\t\t\t\t\t\t\t<figure class=\"wp-caption\">\n\t\t\t\t\t\t\t\t\t\t\t<a href=\"https:\/\/anydesk.com\/fr\/downloads\/thank-you?dv=win_exe\">\n\t\t\t\t\t\t\t<img decoding=\"async\" width=\"150\" height=\"150\" src=\"http:\/\/vdinformatique.fr\/wp-content\/uploads\/2023\/01\/Logo-anydesk-150x150.jpg\" class=\"attachment-thumbnail size-thumbnail wp-image-51\" alt=\"\" \/>\t\t\t\t\t\t\t\t<\/a>\n\t\t\t\t\t\t\t\t\t\t\t<figcaption class=\"widget-image-caption wp-caption-text\">Intervention \u00e0 distance Le choix de la rapidit\u00e9<\/figcaption>\n\t\t\t\t\t\t\t\t\t\t<\/figure>\n\t\t\t\t\t\t\t\t\t<\/div>\n\t\t\t\t<\/div>\n\t\t\t\t<div class=\"elementor-element elementor-element-7cfac63 elementor-widget elementor-widget-image\" data-id=\"7cfac63\" data-element_type=\"widget\" data-e-type=\"widget\" data-widget_type=\"image.default\">\n\t\t\t\t<div class=\"elementor-widget-container\">\n\t\t\t\t\t\t\t\t\t\t\t\t<figure class=\"wp-caption\">\n\t\t\t\t\t\t\t\t\t\t<img fetchpriority=\"high\" decoding=\"async\" width=\"300\" height=\"300\" src=\"http:\/\/vdinformatique.fr\/wp-content\/uploads\/2023\/01\/DALL\u00b7E-2023-01-11-11.16.34-Maison-photorealiste-300x300.png\" class=\"attachment-medium size-medium wp-image-52\" alt=\"\" srcset=\"http:\/\/vdinformatique.fr\/wp-content\/uploads\/2023\/01\/DALL\u00b7E-2023-01-11-11.16.34-Maison-photorealiste-300x300.png 300w, http:\/\/vdinformatique.fr\/wp-content\/uploads\/2023\/01\/DALL\u00b7E-2023-01-11-11.16.34-Maison-photorealiste.png 1024w, http:\/\/vdinformatique.fr\/wp-content\/uploads\/2023\/01\/DALL\u00b7E-2023-01-11-11.16.34-Maison-photorealiste-150x150.png 150w, http:\/\/vdinformatique.fr\/wp-content\/uploads\/2023\/01\/DALL\u00b7E-2023-01-11-11.16.34-Maison-photorealiste-768x768.png 768w\" sizes=\"(max-width: 300px) 100vw, 300px\" \/>\t\t\t\t\t\t\t\t\t\t\t<figcaption class=\"widget-image-caption wp-caption-text\">Chez vous ou au bureau<\/figcaption>\n\t\t\t\t\t\t\t\t\t\t<\/figure>\n\t\t\t\t\t\t\t\t\t<\/div>\n\t\t\t\t<\/div>\n\t\t\t\t<div class=\"elementor-element elementor-element-6ed883f elementor-widget elementor-widget-image\" data-id=\"6ed883f\" data-element_type=\"widget\" data-e-type=\"widget\" data-widget_type=\"image.default\">\n\t\t\t\t<div class=\"elementor-widget-container\">\n\t\t\t\t\t\t\t\t\t\t\t\t<figure class=\"wp-caption\">\n\t\t\t\t\t\t\t\t\t\t<img decoding=\"async\" width=\"300\" height=\"200\" src=\"http:\/\/vdinformatique.fr\/wp-content\/uploads\/2023\/01\/workshop-g93274e39c_1280-300x200.jpg\" class=\"attachment-medium size-medium wp-image-138\" alt=\"Ateliers\" srcset=\"http:\/\/vdinformatique.fr\/wp-content\/uploads\/2023\/01\/workshop-g93274e39c_1280-300x200.jpg 300w, http:\/\/vdinformatique.fr\/wp-content\/uploads\/2023\/01\/workshop-g93274e39c_1280-1024x682.jpg 1024w, http:\/\/vdinformatique.fr\/wp-content\/uploads\/2023\/01\/workshop-g93274e39c_1280-768x512.jpg 768w, http:\/\/vdinformatique.fr\/wp-content\/uploads\/2023\/01\/workshop-g93274e39c_1280.jpg 1280w\" sizes=\"(max-width: 300px) 100vw, 300px\" \/>\t\t\t\t\t\t\t\t\t\t\t<figcaption class=\"widget-image-caption wp-caption-text\">R\u00e9paration sur place ou en ateliers<\/figcaption>\n\t\t\t\t\t\t\t\t\t\t<\/figure>\n\t\t\t\t\t\t\t\t\t<\/div>\n\t\t\t\t<\/div>\n\t\t\t\t\t<\/div>\n\t\t<\/div>\n\t\t\t\t\t<\/div>\n\t\t<\/section>\n\t\t\t\t<section class=\"elementor-section elementor-top-section elementor-element elementor-element-4c328ec elementor-section-boxed elementor-section-height-default elementor-section-height-default\" data-id=\"4c328ec\" data-element_type=\"section\" data-e-type=\"section\">\n\t\t\t\t\t\t<div class=\"elementor-container elementor-column-gap-default\">\n\t\t\t\t\t<div class=\"elementor-column elementor-col-100 elementor-top-column elementor-element elementor-element-f5b0465\" data-id=\"f5b0465\" data-element_type=\"column\" data-e-type=\"column\">\n\t\t\t<div class=\"elementor-widget-wrap\">\n\t\t\t\t\t\t\t<\/div>\n\t\t<\/div>\n\t\t\t\t\t<\/div>\n\t\t<\/section>\n\t\t\t\t<\/div>\n\t\t","protected":false},"excerpt":{"rendered":"<p>Intervention \u00e0 distance Le choix de la rapidit\u00e9 Chez vous ou au bureau R\u00e9paration sur place ou en ateliers<\/p>\n","protected":false},"author":1,"featured_media":0,"parent":0,"menu_order":0,"comment_status":"closed","ping_status":"closed","template":"","meta":{"footnotes":""},"class_list":["post-25","page","type-page","status-publish","hentry"],"yoast_head":"<!-- This site is optimized with the Yoast SEO plugin v27.2 - https:\/\/yoast.com\/product\/yoast-seo-wordpress\/ -->\n<title>Mode d&#039;intervention - VDInformatique<\/title>\n<meta name=\"robots\" content=\"index, follow, max-snippet:-1, max-image-preview:large, max-video-preview:-1\" \/>\n<link rel=\"canonical\" href=\"https:\/\/vdinformatique.fr\/index.php\/mode-dintervention\/\" \/>\n<meta property=\"og:locale\" content=\"en_US\" \/>\n<meta property=\"og:type\" content=\"article\" \/>\n<meta property=\"og:title\" content=\"Mode d&#039;intervention - VDInformatique\" \/>\n<meta property=\"og:description\" content=\"Intervention \u00e0 distance Le choix de la rapidit\u00e9 Chez vous ou au bureau R\u00e9paration sur place ou en ateliers\" \/>\n<meta property=\"og:url\" content=\"https:\/\/vdinformatique.fr\/index.php\/mode-dintervention\/\" \/>\n<meta property=\"og:site_name\" content=\"VDInformatique\" \/>\n<meta property=\"article:modified_time\" content=\"2023-01-11T14:03:02+00:00\" \/>\n<meta property=\"og:image\" content=\"http:\/\/vdinformatique.fr\/wp-content\/uploads\/2023\/01\/Logo-anydesk-150x150.jpg\" \/>\n<meta name=\"twitter:card\" content=\"summary_large_image\" \/>\n<meta name=\"twitter:label1\" content=\"Est. reading time\" \/>\n\t<meta name=\"twitter:data1\" content=\"1 minute\" \/>\n<script type=\"application\/ld+json\" class=\"yoast-schema-graph\">{\"@context\":\"https:\/\/schema.org\",\"@graph\":[{\"@type\":\"WebPage\",\"@id\":\"https:\/\/vdinformatique.fr\/index.php\/mode-dintervention\/\",\"url\":\"https:\/\/vdinformatique.fr\/index.php\/mode-dintervention\/\",\"name\":\"Mode d'intervention - VDInformatique\",\"isPartOf\":{\"@id\":\"http:\/\/vdinformatique.fr\/#website\"},\"primaryImageOfPage\":{\"@id\":\"https:\/\/vdinformatique.fr\/index.php\/mode-dintervention\/#primaryimage\"},\"image\":{\"@id\":\"https:\/\/vdinformatique.fr\/index.php\/mode-dintervention\/#primaryimage\"},\"thumbnailUrl\":\"http:\/\/vdinformatique.fr\/wp-content\/uploads\/2023\/01\/Logo-anydesk-150x150.jpg\",\"datePublished\":\"2023-01-11T09:24:29+00:00\",\"dateModified\":\"2023-01-11T14:03:02+00:00\",\"breadcrumb\":{\"@id\":\"https:\/\/vdinformatique.fr\/index.php\/mode-dintervention\/#breadcrumb\"},\"inLanguage\":\"en-US\",\"potentialAction\":[{\"@type\":\"ReadAction\",\"target\":[\"https:\/\/vdinformatique.fr\/index.php\/mode-dintervention\/\"]}]},{\"@type\":\"ImageObject\",\"inLanguage\":\"en-US\",\"@id\":\"https:\/\/vdinformatique.fr\/index.php\/mode-dintervention\/#primaryimage\",\"url\":\"http:\/\/vdinformatique.fr\/wp-content\/uploads\/2023\/01\/Logo-anydesk-150x150.jpg\",\"contentUrl\":\"http:\/\/vdinformatique.fr\/wp-content\/uploads\/2023\/01\/Logo-anydesk-150x150.jpg\"},{\"@type\":\"BreadcrumbList\",\"@id\":\"https:\/\/vdinformatique.fr\/index.php\/mode-dintervention\/#breadcrumb\",\"itemListElement\":[{\"@type\":\"ListItem\",\"position\":1,\"name\":\"Accueil\",\"item\":\"http:\/\/vdinformatique.fr\/\"},{\"@type\":\"ListItem\",\"position\":2,\"name\":\"Mode d&#8217;intervention\"}]},{\"@type\":\"WebSite\",\"@id\":\"http:\/\/vdinformatique.fr\/#website\",\"url\":\"http:\/\/vdinformatique.fr\/\",\"name\":\"VDInformatique\",\"description\":\"\",\"publisher\":{\"@id\":\"http:\/\/vdinformatique.fr\/#organization\"},\"potentialAction\":[{\"@type\":\"SearchAction\",\"target\":{\"@type\":\"EntryPoint\",\"urlTemplate\":\"http:\/\/vdinformatique.fr\/?s={search_term_string}\"},\"query-input\":{\"@type\":\"PropertyValueSpecification\",\"valueRequired\":true,\"valueName\":\"search_term_string\"}}],\"inLanguage\":\"en-US\"},{\"@type\":\"Organization\",\"@id\":\"http:\/\/vdinformatique.fr\/#organization\",\"name\":\"VDInformatique\",\"url\":\"http:\/\/vdinformatique.fr\/\",\"logo\":{\"@type\":\"ImageObject\",\"inLanguage\":\"en-US\",\"@id\":\"http:\/\/vdinformatique.fr\/#\/schema\/logo\/image\/\",\"url\":\"https:\/\/vdinformatique.fr\/wp-content\/uploads\/2023\/01\/cropped-VDI-HD.jpg\",\"contentUrl\":\"https:\/\/vdinformatique.fr\/wp-content\/uploads\/2023\/01\/cropped-VDI-HD.jpg\",\"width\":782,\"height\":500,\"caption\":\"VDInformatique\"},\"image\":{\"@id\":\"http:\/\/vdinformatique.fr\/#\/schema\/logo\/image\/\"}}]}<\/script>\n<!-- \/ Yoast SEO plugin. -->","yoast_head_json":{"title":"Mode d'intervention - VDInformatique","robots":{"index":"index","follow":"follow","max-snippet":"max-snippet:-1","max-image-preview":"max-image-preview:large","max-video-preview":"max-video-preview:-1"},"canonical":"https:\/\/vdinformatique.fr\/index.php\/mode-dintervention\/","og_locale":"en_US","og_type":"article","og_title":"Mode d'intervention - VDInformatique","og_description":"Intervention \u00e0 distance Le choix de la rapidit\u00e9 Chez vous ou au bureau R\u00e9paration sur place ou en ateliers","og_url":"https:\/\/vdinformatique.fr\/index.php\/mode-dintervention\/","og_site_name":"VDInformatique","article_modified_time":"2023-01-11T14:03:02+00:00","og_image":[{"url":"http:\/\/vdinformatique.fr\/wp-content\/uploads\/2023\/01\/Logo-anydesk-150x150.jpg","type":"","width":"","height":""}],"twitter_card":"summary_large_image","twitter_misc":{"Est. reading time":"1 minute"},"schema":{"@context":"https:\/\/schema.org","@graph":[{"@type":"WebPage","@id":"https:\/\/vdinformatique.fr\/index.php\/mode-dintervention\/","url":"https:\/\/vdinformatique.fr\/index.php\/mode-dintervention\/","name":"Mode d'intervention - VDInformatique","isPartOf":{"@id":"http:\/\/vdinformatique.fr\/#website"},"primaryImageOfPage":{"@id":"https:\/\/vdinformatique.fr\/index.php\/mode-dintervention\/#primaryimage"},"image":{"@id":"https:\/\/vdinformatique.fr\/index.php\/mode-dintervention\/#primaryimage"},"thumbnailUrl":"http:\/\/vdinformatique.fr\/wp-content\/uploads\/2023\/01\/Logo-anydesk-150x150.jpg","datePublished":"2023-01-11T09:24:29+00:00","dateModified":"2023-01-11T14:03:02+00:00","breadcrumb":{"@id":"https:\/\/vdinformatique.fr\/index.php\/mode-dintervention\/#breadcrumb"},"inLanguage":"en-US","potentialAction":[{"@type":"ReadAction","target":["https:\/\/vdinformatique.fr\/index.php\/mode-dintervention\/"]}]},{"@type":"ImageObject","inLanguage":"en-US","@id":"https:\/\/vdinformatique.fr\/index.php\/mode-dintervention\/#primaryimage","url":"http:\/\/vdinformatique.fr\/wp-content\/uploads\/2023\/01\/Logo-anydesk-150x150.jpg","contentUrl":"http:\/\/vdinformatique.fr\/wp-content\/uploads\/2023\/01\/Logo-anydesk-150x150.jpg"},{"@type":"BreadcrumbList","@id":"https:\/\/vdinformatique.fr\/index.php\/mode-dintervention\/#breadcrumb","itemListElement":[{"@type":"ListItem","position":1,"name":"Accueil","item":"http:\/\/vdinformatique.fr\/"},{"@type":"ListItem","position":2,"name":"Mode d&#8217;intervention"}]},{"@type":"WebSite","@id":"http:\/\/vdinformatique.fr\/#website","url":"http:\/\/vdinformatique.fr\/","name":"VDInformatique","description":"","publisher":{"@id":"http:\/\/vdinformatique.fr\/#organization"},"potentialAction":[{"@type":"SearchAction","target":{"@type":"EntryPoint","urlTemplate":"http:\/\/vdinformatique.fr\/?s={search_term_string}"},"query-input":{"@type":"PropertyValueSpecification","valueRequired":true,"valueName":"search_term_string"}}],"inLanguage":"en-US"},{"@type":"Organization","@id":"http:\/\/vdinformatique.fr\/#organization","name":"VDInformatique","url":"http:\/\/vdinformatique.fr\/","logo":{"@type":"ImageObject","inLanguage":"en-US","@id":"http:\/\/vdinformatique.fr\/#\/schema\/logo\/image\/","url":"https:\/\/vdinformatique.fr\/wp-content\/uploads\/2023\/01\/cropped-VDI-HD.jpg","contentUrl":"https:\/\/vdinformatique.fr\/wp-content\/uploads\/2023\/01\/cropped-VDI-HD.jpg","width":782,"height":500,"caption":"VDInformatique"},"image":{"@id":"http:\/\/vdinformatique.fr\/#\/schema\/logo\/image\/"}}]}},"_links":{"self":[{"href":"https:\/\/vdinformatique.fr\/index.php\/wp-json\/wp\/v2\/pages\/25","targetHints":{"allow":["GET"]}}],"collection":[{"href":"https:\/\/vdinformatique.fr\/index.php\/wp-json\/wp\/v2\/pages"}],"about":[{"href":"https:\/\/vdinformatique.fr\/index.php\/wp-json\/wp\/v2\/types\/page"}],"author":[{"embeddable":true,"href":"https:\/\/vdinformatique.fr\/index.php\/wp-json\/wp\/v2\/users\/1"}],"replies":[{"embeddable":true,"href":"https:\/\/vdinformatique.fr\/index.php\/wp-json\/wp\/v2\/comments?post=25"}],"version-history":[{"count":13,"href":"https:\/\/vdinformatique.fr\/index.php\/wp-json\/wp\/v2\/pages\/25\/revisions"}],"predecessor-version":[{"id":141,"href":"https:\/\/vdinformatique.fr\/index.php\/wp-json\/wp\/v2\/pages\/25\/revisions\/141"}],"wp:attachment":[{"href":"https:\/\/vdinformatique.fr\/index.php\/wp-json\/wp\/v2\/media?parent=25"}],"curies":[{"name":"wp","href":"https:\/\/api.w.org\/{rel}","templated":true}]}}