{"id":19,"date":"2023-01-11T10:21:47","date_gmt":"2023-01-11T09:21:47","guid":{"rendered":"https:\/\/vdinformatique.fr\/?page_id=19"},"modified":"2023-01-11T10:21:47","modified_gmt":"2023-01-11T09:21:47","slug":"a-propos-de-vdinformatique","status":"publish","type":"page","link":"https:\/\/vdinformatique.fr\/index.php\/a-propos-de-vdinformatique\/","title":{"rendered":"A propos <strong>de VDInformatique<\/strong>"},"content":{"rendered":"\n<p class=\"has-text-align-center\"><br>VDInformatique est une micro entreprise de maintenance informatique fond\u00e9e en 2010 \u00e0 Lambersart. <br><br>Nous proposons nos services \u00e0 tous les types de clients, qu&#8217;il s&#8217;agisse de particuliers ou d&#8217;entreprises, dans un rayon de 40 km autour de Lille. Nous sommes \u00e9galement disponibles pour des interventions plus lointaines sur devis.\u00a0<br><br>Ne vous d\u00e9placez pas. L&#8217;intervention se fait dans vos locaux.\u00a0<br><br>Techniciens exp\u00e9riment\u00e9s, je suis \u00e0 votre \u00e9coute pour r\u00e9pondre \u00e0 toutes vos questions et vous conseiller sur les solutions les plus adapt\u00e9es \u00e0 vos besoins. Je proposons des tarifs comp\u00e9titifs et nous nous engageons \u00e0 r\u00e9aliser nos interventions dans les meilleurs d\u00e9lais.\u00a0<br>Assistance sur site uniquement<\/p>\n","protected":false},"excerpt":{"rendered":"<p>VDInformatique est une micro entreprise de maintenance informatique fond\u00e9e en 2010 \u00e0 Lambersart. Nous proposons nos services \u00e0 tous les types de clients, qu&#8217;il s&#8217;agisse de particuliers ou d&#8217;entreprises, dans un rayon de 40 km autour de Lille. Nous sommes \u00e9galement disponibles pour des interventions plus lointaines sur devis.\u00a0 Ne vous d\u00e9placez pas. L&#8217;intervention se [&hellip;]<\/p>\n","protected":false},"author":1,"featured_media":0,"parent":0,"menu_order":0,"comment_status":"closed","ping_status":"closed","template":"","meta":{"footnotes":""},"class_list":["post-19","page","type-page","status-publish","hentry"],"yoast_head":"<!-- This site is optimized with the Yoast SEO plugin v27.2 - https:\/\/yoast.com\/product\/yoast-seo-wordpress\/ -->\n<title>A propos de VDInformatique - VDInformatique<\/title>\n<meta name=\"description\" content=\"VDInformatique est une entreprise de maintenance informatique fond\u00e9e en 2010 \u00e0 Lambersart. Ne vous d\u00e9placez pas. L&#039;intervention se fait dans vos locaux.\" \/>\n<meta name=\"robots\" content=\"index, follow, max-snippet:-1, max-image-preview:large, max-video-preview:-1\" \/>\n<link rel=\"canonical\" href=\"https:\/\/vdinformatique.fr\/index.php\/a-propos-de-vdinformatique\/\" \/>\n<meta property=\"og:locale\" content=\"en_US\" \/>\n<meta property=\"og:type\" content=\"article\" \/>\n<meta property=\"og:title\" content=\"A propos de VDInformatique - VDInformatique\" \/>\n<meta property=\"og:description\" content=\"VDInformatique est une entreprise de maintenance informatique fond\u00e9e en 2010 \u00e0 Lambersart. Ne vous d\u00e9placez pas. L&#039;intervention se fait dans vos locaux.\" \/>\n<meta property=\"og:url\" content=\"https:\/\/vdinformatique.fr\/index.php\/a-propos-de-vdinformatique\/\" \/>\n<meta property=\"og:site_name\" content=\"VDInformatique\" \/>\n<meta name=\"twitter:card\" content=\"summary_large_image\" \/>\n<meta name=\"twitter:label1\" content=\"Est. reading time\" \/>\n\t<meta name=\"twitter:data1\" content=\"1 minute\" \/>\n<script type=\"application\/ld+json\" class=\"yoast-schema-graph\">{\"@context\":\"https:\/\/schema.org\",\"@graph\":[{\"@type\":\"WebPage\",\"@id\":\"https:\/\/vdinformatique.fr\/index.php\/a-propos-de-vdinformatique\/\",\"url\":\"https:\/\/vdinformatique.fr\/index.php\/a-propos-de-vdinformatique\/\",\"name\":\"A propos de VDInformatique - VDInformatique\",\"isPartOf\":{\"@id\":\"http:\/\/vdinformatique.fr\/#website\"},\"datePublished\":\"2023-01-11T09:21:47+00:00\",\"description\":\"VDInformatique est une entreprise de maintenance informatique fond\u00e9e en 2010 \u00e0 Lambersart. Ne vous d\u00e9placez pas. L'intervention se fait dans vos locaux.\",\"breadcrumb\":{\"@id\":\"https:\/\/vdinformatique.fr\/index.php\/a-propos-de-vdinformatique\/#breadcrumb\"},\"inLanguage\":\"en-US\",\"potentialAction\":[{\"@type\":\"ReadAction\",\"target\":[\"https:\/\/vdinformatique.fr\/index.php\/a-propos-de-vdinformatique\/\"]}]},{\"@type\":\"BreadcrumbList\",\"@id\":\"https:\/\/vdinformatique.fr\/index.php\/a-propos-de-vdinformatique\/#breadcrumb\",\"itemListElement\":[{\"@type\":\"ListItem\",\"position\":1,\"name\":\"Accueil\",\"item\":\"http:\/\/vdinformatique.fr\/\"},{\"@type\":\"ListItem\",\"position\":2,\"name\":\"A propos de VDInformatique\"}]},{\"@type\":\"WebSite\",\"@id\":\"http:\/\/vdinformatique.fr\/#website\",\"url\":\"http:\/\/vdinformatique.fr\/\",\"name\":\"VDInformatique\",\"description\":\"\",\"publisher\":{\"@id\":\"http:\/\/vdinformatique.fr\/#organization\"},\"potentialAction\":[{\"@type\":\"SearchAction\",\"target\":{\"@type\":\"EntryPoint\",\"urlTemplate\":\"http:\/\/vdinformatique.fr\/?s={search_term_string}\"},\"query-input\":{\"@type\":\"PropertyValueSpecification\",\"valueRequired\":true,\"valueName\":\"search_term_string\"}}],\"inLanguage\":\"en-US\"},{\"@type\":\"Organization\",\"@id\":\"http:\/\/vdinformatique.fr\/#organization\",\"name\":\"VDInformatique\",\"url\":\"http:\/\/vdinformatique.fr\/\",\"logo\":{\"@type\":\"ImageObject\",\"inLanguage\":\"en-US\",\"@id\":\"http:\/\/vdinformatique.fr\/#\/schema\/logo\/image\/\",\"url\":\"https:\/\/vdinformatique.fr\/wp-content\/uploads\/2023\/01\/cropped-VDI-HD.jpg\",\"contentUrl\":\"https:\/\/vdinformatique.fr\/wp-content\/uploads\/2023\/01\/cropped-VDI-HD.jpg\",\"width\":782,\"height\":500,\"caption\":\"VDInformatique\"},\"image\":{\"@id\":\"http:\/\/vdinformatique.fr\/#\/schema\/logo\/image\/\"}}]}<\/script>\n<!-- \/ Yoast SEO plugin. -->","yoast_head_json":{"title":"A propos de VDInformatique - VDInformatique","description":"VDInformatique est une entreprise de maintenance informatique fond\u00e9e en 2010 \u00e0 Lambersart. Ne vous d\u00e9placez pas. L'intervention se fait dans vos locaux.","robots":{"index":"index","follow":"follow","max-snippet":"max-snippet:-1","max-image-preview":"max-image-preview:large","max-video-preview":"max-video-preview:-1"},"canonical":"https:\/\/vdinformatique.fr\/index.php\/a-propos-de-vdinformatique\/","og_locale":"en_US","og_type":"article","og_title":"A propos de VDInformatique - VDInformatique","og_description":"VDInformatique est une entreprise de maintenance informatique fond\u00e9e en 2010 \u00e0 Lambersart. Ne vous d\u00e9placez pas. L'intervention se fait dans vos locaux.","og_url":"https:\/\/vdinformatique.fr\/index.php\/a-propos-de-vdinformatique\/","og_site_name":"VDInformatique","twitter_card":"summary_large_image","twitter_misc":{"Est. reading time":"1 minute"},"schema":{"@context":"https:\/\/schema.org","@graph":[{"@type":"WebPage","@id":"https:\/\/vdinformatique.fr\/index.php\/a-propos-de-vdinformatique\/","url":"https:\/\/vdinformatique.fr\/index.php\/a-propos-de-vdinformatique\/","name":"A propos de VDInformatique - VDInformatique","isPartOf":{"@id":"http:\/\/vdinformatique.fr\/#website"},"datePublished":"2023-01-11T09:21:47+00:00","description":"VDInformatique est une entreprise de maintenance informatique fond\u00e9e en 2010 \u00e0 Lambersart. Ne vous d\u00e9placez pas. L'intervention se fait dans vos locaux.","breadcrumb":{"@id":"https:\/\/vdinformatique.fr\/index.php\/a-propos-de-vdinformatique\/#breadcrumb"},"inLanguage":"en-US","potentialAction":[{"@type":"ReadAction","target":["https:\/\/vdinformatique.fr\/index.php\/a-propos-de-vdinformatique\/"]}]},{"@type":"BreadcrumbList","@id":"https:\/\/vdinformatique.fr\/index.php\/a-propos-de-vdinformatique\/#breadcrumb","itemListElement":[{"@type":"ListItem","position":1,"name":"Accueil","item":"http:\/\/vdinformatique.fr\/"},{"@type":"ListItem","position":2,"name":"A propos de VDInformatique"}]},{"@type":"WebSite","@id":"http:\/\/vdinformatique.fr\/#website","url":"http:\/\/vdinformatique.fr\/","name":"VDInformatique","description":"","publisher":{"@id":"http:\/\/vdinformatique.fr\/#organization"},"potentialAction":[{"@type":"SearchAction","target":{"@type":"EntryPoint","urlTemplate":"http:\/\/vdinformatique.fr\/?s={search_term_string}"},"query-input":{"@type":"PropertyValueSpecification","valueRequired":true,"valueName":"search_term_string"}}],"inLanguage":"en-US"},{"@type":"Organization","@id":"http:\/\/vdinformatique.fr\/#organization","name":"VDInformatique","url":"http:\/\/vdinformatique.fr\/","logo":{"@type":"ImageObject","inLanguage":"en-US","@id":"http:\/\/vdinformatique.fr\/#\/schema\/logo\/image\/","url":"https:\/\/vdinformatique.fr\/wp-content\/uploads\/2023\/01\/cropped-VDI-HD.jpg","contentUrl":"https:\/\/vdinformatique.fr\/wp-content\/uploads\/2023\/01\/cropped-VDI-HD.jpg","width":782,"height":500,"caption":"VDInformatique"},"image":{"@id":"http:\/\/vdinformatique.fr\/#\/schema\/logo\/image\/"}}]}},"_links":{"self":[{"href":"https:\/\/vdinformatique.fr\/index.php\/wp-json\/wp\/v2\/pages\/19","targetHints":{"allow":["GET"]}}],"collection":[{"href":"https:\/\/vdinformatique.fr\/index.php\/wp-json\/wp\/v2\/pages"}],"about":[{"href":"https:\/\/vdinformatique.fr\/index.php\/wp-json\/wp\/v2\/types\/page"}],"author":[{"embeddable":true,"href":"https:\/\/vdinformatique.fr\/index.php\/wp-json\/wp\/v2\/users\/1"}],"replies":[{"embeddable":true,"href":"https:\/\/vdinformatique.fr\/index.php\/wp-json\/wp\/v2\/comments?post=19"}],"version-history":[{"count":2,"href":"https:\/\/vdinformatique.fr\/index.php\/wp-json\/wp\/v2\/pages\/19\/revisions"}],"predecessor-version":[{"id":33,"href":"https:\/\/vdinformatique.fr\/index.php\/wp-json\/wp\/v2\/pages\/19\/revisions\/33"}],"wp:attachment":[{"href":"https:\/\/vdinformatique.fr\/index.php\/wp-json\/wp\/v2\/media?parent=19"}],"curies":[{"name":"wp","href":"https:\/\/api.w.org\/{rel}","templated":true}]}}